{"id":11,"date":"2024-03-21T22:25:58","date_gmt":"2024-03-21T21:25:58","guid":{"rendered":"https:\/\/www.aufilduscorff.bzh\/?page_id=11"},"modified":"2024-03-25T21:52:28","modified_gmt":"2024-03-25T20:52:28","slug":"conditions-generales-de-ventes","status":"publish","type":"page","link":"https:\/\/www.aufilduscorff.bzh\/?page_id=11","title":{"rendered":"Conditions g\u00e9n\u00e9rales de ventes"},"content":{"rendered":"\n<p>&nbsp;<strong>1. Champ d\u2019application et acceptation des conditions g\u00e9n\u00e9rales de vente<\/strong><\/p>\n\n\n\n<p>Les pr\u00e9sentes conditions g\u00e9n\u00e9rales d\u2019utilisation et de vente (les \u00ab Conditions G\u00e9n\u00e9rales de Vente \u00bb) des produits Au fil du Scorff sont conclues entre Au fil du Scorff (repr\u00e9sent\u00e9 en la personne de Sarah Leroy) et toute personne physique non commer\u00e7ante souhaitant effectuer un achat sur le site www.aufilduscorff.bzh, ci-apr\u00e8s d\u00e9sign\u00e9 \u00ab\u00a0 l\u2019acheteur \u00bb ou \u00ab le client \u00bb.<\/p>\n\n\n\n<p>Toute commande confirm\u00e9e est consid\u00e9r\u00e9e comme une acceptation des conditions de ventes ci-apr\u00e8s.<\/p>\n\n\n\n<p>Au fil du Scorff se r\u00e9serve le droit de modifier ponctuellement les Conditions G\u00e9n\u00e9rales de vente. Elles seront alors applicables d\u00e8s leur mise en ligne sur le Site Internet sans pouvoir \u00eatre opposables aux transactions conclues ant\u00e9rieurement.<\/p>\n\n\n\n<p><strong>2. Identification du vendeur<\/strong><\/p>\n\n\n\n<p>Les pr\u00e9sentes conditions g\u00e9n\u00e9rales de vente concernent le site de vente en ligne : www.aufilduscorff.bzh N\u00b0 de SIRET : 98158829600013 Franchise en base : T.V.A non applicable &#8211; Article 293 B du CGI.<br>Coordonn\u00e9es du vendeur : Sarah Leroy, 1 Keradennec le bourg 56620 Cl\u00e9guer<br>L&rsquo;entreprise peut \u00eatre contact\u00e9e par email en cliquant sur le <a href=\"https:\/\/www.aufilduscorff.bzh\/?page_id=581\">formulaire de contact<\/a> accessible en bas de toutes les pages du site.<\/p>\n\n\n\n<p><strong>3. Prise de commande<\/strong><\/p>\n\n\n\n<p>Toute commande ne sera valid\u00e9e qu\u2019apr\u00e8s acceptation du paiement. Nous accuserons r\u00e9ception de votre commande d\u00e8s sa validation par courrier \u00e9lectronique, et nous vous informerons de l\u2019exp\u00e9dition de vos articles. La passation d\u2019une commande vaut acceptation par le client qui entra\u00eene la formation du contrat et l\u2019acceptation d\u00e9finitive par le client des prix et de la description des produits disponibles \u00e0 la vente ainsi qu\u2019\u00e0 l\u2019ensemble des conditions g\u00e9n\u00e9rales de vente.<\/p>\n\n\n\n<p>Vous d\u00e9clarez avoir 18 ans ou, \u00e0 d\u00e9faut, avoir une autorisation parentale vous permettant de proc\u00e9der \u00e0 la commande sur le site.<\/p>\n\n\n\n<p>Sur www.aufilduscorff.bzh&nbsp;sont mis en vente des cr\u00e9ations originales.<br>Au fil du Scorff se r\u00e9serve la possibilit\u00e9 de ne pas confirmer une commande pour quelque raison que ce soit, tenant en particulier \u00e0 la disponibilit\u00e9 des produits, un probl\u00e8me concernant la commande re\u00e7ue, une commande anormale, un probl\u00e8me pr\u00e9visible concernant la livraison \u00e0 effectuer, ou un litige relatif \u00e0 une commande ant\u00e9rieure. Dans ce cas, Au fil du Scorff en informera le client au plus tard 5 jours ouvr\u00e9s apr\u00e8s enregistrement de la commande, et proc\u00e9dera au remboursement du client.<\/p>\n\n\n\n<p><strong>4. Prix<\/strong><\/p>\n\n\n\n<p>Les prix affich\u00e9s sur le site www.aufilduscorff.bzh&nbsp;sont exprim\u00e9s en \u20ac (euros) hors taxes (TVA non applicable, art. 293 B du CGI). Ils sont \u00e9galement indiqu\u00e9s en \u20ac (euros) hors taxes sur la page de commande des produits, avec les frais sp\u00e9cifiques d\u2019exp\u00e9dition. Pour tous les produits exp\u00e9di\u00e9s hors Union europ\u00e9enne et\/ou DOM-TOM, des droits de douane ou autres taxes locales ou droits d\u2019importation ou taxes d\u2019\u00e9tat sont susceptibles d\u2019\u00eatre exigibles. Ces droits et sommes ne rel\u00e8vent pas du ressort du vendeur. Ils seront \u00e0 la charge de l\u2019acheteur et rel\u00e8vent de sa responsabilit\u00e9 (d\u00e9clarations, paiement aux autorit\u00e9s comp\u00e9tentes, etc.). Le vendeur invite \u00e0 ce titre l\u2019acheteur \u00e0 se renseigner sur ces aspects aupr\u00e8s des autorit\u00e9s locales correspondantes. Tous les prix figurant sur le site www.aufilduscorff.bzh&nbsp;sont non n\u00e9gociables par l\u2019acheteur.<br>Au fil du Scorff se r\u00e9serve le droit de modifier ses prix \u00e0 tout moment mais s\u2019engage \u00e0 appliquer les tarifs en vigueur qui auront \u00e9t\u00e9 indiqu\u00e9s au moment de la passation de commande, sous r\u00e9serve de leur disponibilit\u00e9 \u00e0 cette date.<\/p>\n\n\n\n<p><strong>5. Paiement<\/strong><\/p>\n\n\n\n<p>Le paiement s\u2019effectue gr\u00e2ce \u00e0 la plateforme Stripe, qui assure un r\u00e8glement en ligne par carte bancaire enti\u00e8rement s\u00e9curis\u00e9. Il ne vous est pas n\u00e9cessaire de disposer d\u2019un compte Stripe pour effectuer votre paiement.<\/p>\n\n\n\n<p><strong>6. R\u00e9serve de propri\u00e9t\u00e9<\/strong><\/p>\n\n\n\n<p>Les produits demeurent la propri\u00e9t\u00e9 d&rsquo;Au fil du Scorff jusqu\u2019au complet encaissement de la commande.<\/p>\n\n\n\n<p><strong>7. Livraison<\/strong><\/p>\n\n\n\n<p>Une fois votre commande enregistr\u00e9e, elle vous sera confirm\u00e9e par email. Toutes les commandes sont exp\u00e9di\u00e9es au d\u00e9part de Cl\u00e9guer, par La Poste.&nbsp;Les articles sont majoritairement exp\u00e9di\u00e9s dans un d\u00e9lai de 5 jours ouvr\u00e9s. Un d\u00e9lai plus long peut vous \u00eatre communiqu\u00e9 lors de la confirmation de la commande.<\/p>\n\n\n\n<p><strong>8. D\u00e9lai de r\u00e9tractation \/ Retour<\/strong><\/p>\n\n\n\n<p>Conform\u00e9ment \u00e0 la Disposition du Code de la consommation sur la vente \u00e0 distance, vous disposez d\u2019un d\u00e9lai de 14 jours ouvr\u00e9s \u00e0 compter de la livraison pour retourner le ou les produits qui ne vous conviendraient pas. Ce droit s\u2019exerce sans p\u00e9nalit\u00e9, seuls les frais d&rsquo;envoi et de retour seront \u00e0 votre charge. Le droit de r\u00e9tractation peut \u00eatre exerc\u00e9 en contactant l&rsquo;entreprise de la mani\u00e8re suivante :<br>&#8211; Dans les 48h apr\u00e8s r\u00e9ception du colis, envoi d\u2019un message via le <a href=\"https:\/\/www.aufilduscorff.bzh\/?page_id=581\">formulaire de contact<\/a>.<br>&#8211; Par retour de mail, le vendeur accuse r\u00e9ception du message et fait part au client des modalit\u00e9s de retour.<br>&#8211; Le retour devra \u00eatre r\u00e9alis\u00e9 aux frais du client, dans les m\u00eames conditions d\u2019envoi que celles du vendeur (Colissimo) et dans l\u2019emballage d\u2019origine.<br>En cas d\u2019exercice du droit de r\u00e9tractation dans le d\u00e9lai de 14 jours, seul le prix du ou des produits achet\u00e9s seront rembours\u00e9s, les frais d&rsquo;envoi et de retour restent \u00e0 la charge du client.<br>Les articles doivent \u00eatre retourn\u00e9s dans leur \u00e9tat d&rsquo;origine, ni port\u00e9, ni sali, ni d\u00e9t\u00e9rior\u00e9, et dans leur emballage d\u2019origine, de sorte qu\u2019ils puissent \u00eatre remis en vente \u00e0 l\u2019\u00e9tat neuf. Dans le cas contraire, les produits ne seront ni repris, ni \u00e9chang\u00e9s, ni rembours\u00e9s. Si le retour est accept\u00e9, vous aurez la possibilit\u00e9 de demander un remboursement. Le produit devra \u00eatre retourn\u00e9 \u00e0 l\u2019adresse suivante:<br>Sarah Leroy, 1 Keradennec le bourg 56620 Cl\u00e9guer.<br>Proc\u00e9dure de remboursement : \u00e0 r\u00e9ception, sous r\u00e9serve que le contenu du colis soit intact, le vendeur proc\u00e9dera au remboursement de la commande hors frais de port, par ch\u00e8que ou virement, dans un d\u00e9lai de 14 jours.<\/p>\n\n\n\n<p><strong>9. R\u00e9clamations<\/strong><\/p>\n\n\n\n<p>Le cas \u00e9ch\u00e9ant, l\u2019acheteur peut pr\u00e9senter toute r\u00e9clamation en contactant l&rsquo;entreprise via le <a href=\"https:\/\/www.aufilduscorff.bzh\/?page_id=581\">formulaire de contact<\/a> ou au moyen des coordonn\u00e9es suivantes : Sarah Leroy, 1 Keradennec le bourg 56620 Cl\u00e9guer.<\/p>\n\n\n\n<p><strong>9. Protection des donn\u00e9es personnelles li\u00e9e \u00e0 l\u2019acheteur<\/strong><\/p>\n\n\n\n<p>La boutique Au fil du Scorff, repr\u00e9sent\u00e9e en la personne de Sarah Leroy, s\u2019engage \u00e0 ne pas divulguer vos coordonn\u00e9es \u00e0 des tiers. Conform\u00e9ment \u00e0 la loi no 78-17 du 6 janvier 1978 relative \u00e0 l\u2019informatique et aux libert\u00e9s, vous disposez d\u2019un droit de rectification, de consultation, de modification et de suppression des donn\u00e9es vous concernant. Vous pouvez exercer ce droit via le <a href=\"https:\/\/www.aufilduscorff.bzh\/?page_id=581\">formulaire de contact<\/a>.<\/p>\n","protected":false},"excerpt":{"rendered":"<p>&nbsp;1. Champ d\u2019application et acceptation des conditions g\u00e9n\u00e9rales de vente Les pr\u00e9sentes conditions g\u00e9n\u00e9rales d\u2019utilisation et de vente (les \u00ab Conditions G\u00e9n\u00e9rales de Vente \u00bb) des produits Au fil du Scorff sont conclues entre Au fil du Scorff (repr\u00e9sent\u00e9 en la personne de Sarah Leroy) et toute personne physique non commer\u00e7ante souhaitant effectuer un achat [&hellip;]<\/p>\n","protected":false},"author":1,"featured_media":0,"parent":0,"menu_order":0,"comment_status":"closed","ping_status":"closed","template":"","meta":{"site-sidebar-layout":"default","site-content-layout":"","ast-site-content-layout":"default","site-content-style":"default","site-sidebar-style":"default","ast-global-header-display":"","ast-banner-title-visibility":"","ast-main-header-display":"","ast-hfb-above-header-display":"","ast-hfb-below-header-display":"","ast-hfb-mobile-header-display":"","site-post-title":"","ast-breadcrumbs-content":"","ast-featured-img":"","footer-sml-layout":"","ast-disable-related-posts":"","theme-transparent-header-meta":"","adv-header-id-meta":"","stick-header-meta":"","header-above-stick-meta":"","header-main-stick-meta":"","header-below-stick-meta":"","astra-migrate-meta-layouts":"default","ast-page-background-enabled":"default","ast-page-background-meta":{"desktop":{"background-color":"var(--ast-global-color-4)","background-image":"","background-repeat":"repeat","background-position":"center center","background-size":"auto","background-attachment":"scroll","background-type":"","background-media":"","overlay-type":"","overlay-color":"","overlay-opacity":"","overlay-gradient":""},"tablet":{"background-color":"","background-image":"","background-repeat":"repeat","background-position":"center center","background-size":"auto","background-attachment":"scroll","background-type":"","background-media":"","overlay-type":"","overlay-color":"","overlay-opacity":"","overlay-gradient":""},"mobile":{"background-color":"","background-image":"","background-repeat":"repeat","background-position":"center center","background-size":"auto","background-attachment":"scroll","background-type":"","background-media":"","overlay-type":"","overlay-color":"","overlay-opacity":"","overlay-gradient":""}},"ast-content-background-meta":{"desktop":{"background-color":"var(--ast-global-color-5)","background-image":"","background-repeat":"repeat","background-position":"center center","background-size":"auto","background-attachment":"scroll","background-type":"","background-media":"","overlay-type":"","overlay-color":"","overlay-opacity":"","overlay-gradient":""},"tablet":{"background-color":"var(--ast-global-color-5)","background-image":"","background-repeat":"repeat","background-position":"center center","background-size":"auto","background-attachment":"scroll","background-type":"","background-media":"","overlay-type":"","overlay-color":"","overlay-opacity":"","overlay-gradient":""},"mobile":{"background-color":"var(--ast-global-color-5)","background-image":"","background-repeat":"repeat","background-position":"center center","background-size":"auto","background-attachment":"scroll","background-type":"","background-media":"","overlay-type":"","overlay-color":"","overlay-opacity":"","overlay-gradient":""}},"footnotes":""},"folder":[],"class_list":["post-11","page","type-page","status-publish","hentry"],"_links":{"self":[{"href":"https:\/\/www.aufilduscorff.bzh\/index.php?rest_route=\/wp\/v2\/pages\/11","targetHints":{"allow":["GET"]}}],"collection":[{"href":"https:\/\/www.aufilduscorff.bzh\/index.php?rest_route=\/wp\/v2\/pages"}],"about":[{"href":"https:\/\/www.aufilduscorff.bzh\/index.php?rest_route=\/wp\/v2\/types\/page"}],"author":[{"embeddable":true,"href":"https:\/\/www.aufilduscorff.bzh\/index.php?rest_route=\/wp\/v2\/users\/1"}],"replies":[{"embeddable":true,"href":"https:\/\/www.aufilduscorff.bzh\/index.php?rest_route=%2Fwp%2Fv2%2Fcomments&post=11"}],"version-history":[{"count":11,"href":"https:\/\/www.aufilduscorff.bzh\/index.php?rest_route=\/wp\/v2\/pages\/11\/revisions"}],"predecessor-version":[{"id":946,"href":"https:\/\/www.aufilduscorff.bzh\/index.php?rest_route=\/wp\/v2\/pages\/11\/revisions\/946"}],"wp:attachment":[{"href":"https:\/\/www.aufilduscorff.bzh\/index.php?rest_route=%2Fwp%2Fv2%2Fmedia&parent=11"}],"wp:term":[{"taxonomy":"folder","embeddable":true,"href":"https:\/\/www.aufilduscorff.bzh\/index.php?rest_route=%2Fwp%2Fv2%2Ffolder&post=11"}],"curies":[{"name":"wp","href":"https:\/\/api.w.org\/{rel}","templated":true}]}}