{"id":2,"date":"2023-12-26T21:26:32","date_gmt":"2023-12-26T20:26:32","guid":{"rendered":"https:\/\/www.aufilduscorff.bzh\/?page_id=2"},"modified":"2025-12-10T16:51:48","modified_gmt":"2025-12-10T15:51:48","slug":"page-d-exemple","status":"publish","type":"page","link":"https:\/\/www.aufilduscorff.bzh\/?page_id=2","title":{"rendered":"La cr\u00e9atrice"},"content":{"rendered":"\n<p>Je m\u2019appelle <strong>Sarah<\/strong> et je suis la <strong>fondatrice de l\u2019entreprise Au fil du Scorff<\/strong>.<\/p>\n\n\n\n<figure class=\"wp-block-image aligncenter size-full is-resized\"><img fetchpriority=\"high\" decoding=\"async\" width=\"2655\" height=\"3540\" src=\"https:\/\/www.aufilduscorff.bzh\/wp-content\/uploads\/2025\/11\/20251105_111644.jpg\" alt=\"\" class=\"wp-image-1884\" style=\"width:353px;height:auto\"\/><\/figure>\n\n\n\n<p>Depuis mes 10 ans, j&rsquo;ai un grand <strong>int\u00e9r\u00eat pour la culture bretonne, sous diff\u00e9rentes formes suivant les p\u00e9riodes de ma vie<\/strong>. L&rsquo;histoire, l&rsquo;architecture, la musique, les danses, les costumes, les modes de vies et les traditions se sont entrem\u00eal\u00e9s, un centre d&rsquo;int\u00e9r\u00eat en attirant un autre, au gr\u00e9 des lectures, spectacles et visites.<\/p>\n\n\n\n<p>Avec toujours cette nourriture culturelle en toile de fond, j&rsquo;ai commenc\u00e9 la couture comme loisir en 2016, avec d\u00e8s le d\u00e9but un niveau d&rsquo;exigence \u00e9lev\u00e9 sur les mati\u00e8res utilis\u00e9es et sur les finitions. J&rsquo;ai ensuite voulu ajouter une nouvelle corde \u00e0 mon arc et <strong>je me suis inscrite \u00e0 l&rsquo;Ecole de Broderie Pascal Jaouen o\u00f9 j&rsquo;ai d\u00e9couvert la broderie Glazig<\/strong>. Je me suis tr\u00e8s vite prise de passion pour cette technique qui permet une vari\u00e9t\u00e9 de points et de couleurs pour des cr\u00e9ations lumineuses sur des motifs traditionnels ou r\u00e9solument modernes. Je continue, encore aujourd&rsquo;hui, de me former \u00e0 l&rsquo;Ecole pour toujours apprendre et progresser. <\/p>\n\n\n\n<p>Apr\u00e8s 20 ann\u00e9es de contr\u00f4le qualit\u00e9 dans l&rsquo;industrie cosm\u00e9tique de luxe, <strong>j&rsquo;ai eu envie de me tourner vers une activit\u00e9 plus concr\u00e8te, plus manuelle et ayant plus de sens \u00e0 mes yeux<\/strong>. J&rsquo;ai donc quitt\u00e9 mon emploi en septembre 2022 et j&rsquo;ai profit\u00e9 des mois suivants pour me former, notamment en broderie or aupr\u00e8s du B\u00e9gonia d&rsquo;Or \u00e0 Rochefort, en augmentant toujours mon niveau d&rsquo;exigence quant au r\u00e9sultat.<\/p>\n\n\n\n<p><strong>Au fil du Scorff<\/strong> est finalement n\u00e9 de l\u2019envie de cr\u00e9er et proposer des pi\u00e8ces uniques, brod\u00e9es \u00e0 la main, que l\u2019on peut facilement emmener partout avec soi, au quotidien.<\/p>\n\n\n\n<p class=\"has-text-color has-link-color has-medium-font-size wp-elements-e30bf01f36eebd357127e65ca02e1bef\" style=\"color:#1d9a98\"><strong>Pourquoi \u00ab\u00a0Au fil du Scorff\u00a0\u00bb&nbsp;?<\/strong><\/p>\n\n\n\n<p>Le fil de broderie, le fil de l\u2019eau, le fil de l\u2019histoire\u2026 tout est li\u00e9. Le Scorff est une rivi\u00e8re qui prend sa source en centre Bretagne, dans le Morbihan, et court se jeter dans l\u2019oc\u00e9an Atlantique en rade de Lorient. <strong>Depuis plus de 400 ans, une grande partie de mes anc\u00eatres a v\u00e9cu sur les bords du Scorff<\/strong>, dans un espace g\u00e9ographique relativement restreint, et le hasard (&#8230;ou pas !) de la vie fait que j\u2019y vis aussi. <strong>Cette g\u00e9n\u00e9alogie m\u2019ancre profond\u00e9ment dans ce territoire<\/strong>, et m\u2019offre une histoire qui m\u2019enrichit au quotidien.<\/p>\n\n\n\n<figure class=\"wp-block-image aligncenter size-large is-resized\"><img decoding=\"async\" width=\"2400\" height=\"1351\" src=\"https:\/\/www.aufilduscorff.bzh\/wp-content\/uploads\/2024\/03\/20240322_113247-2400x1351.jpg\" alt=\"\" class=\"wp-image-712\" style=\"width:800px\" srcset=\"https:\/\/www.aufilduscorff.bzh\/wp-content\/uploads\/2024\/03\/20240322_113247-2400x1351.jpg 2400w, https:\/\/www.aufilduscorff.bzh\/wp-content\/uploads\/2024\/03\/20240322_113247-300x169.jpg 300w, https:\/\/www.aufilduscorff.bzh\/wp-content\/uploads\/2024\/03\/20240322_113247-768x432.jpg 768w, https:\/\/www.aufilduscorff.bzh\/wp-content\/uploads\/2024\/03\/20240322_113247-1536x865.jpg 1536w, https:\/\/www.aufilduscorff.bzh\/wp-content\/uploads\/2024\/03\/20240322_113247-2048x1153.jpg 2048w, https:\/\/www.aufilduscorff.bzh\/wp-content\/uploads\/2024\/03\/20240322_113247-600x338.jpg 600w\" sizes=\"(max-width: 2400px) 100vw, 2400px\" \/><figcaption class=\"wp-element-caption\"><em>Le Scorff<\/em><\/figcaption><\/figure>\n\n\n\n<p class=\"has-ast-global-color-0-color has-text-color has-link-color has-medium-font-size wp-elements-e282d73398f2415341717cdc38e76d2f\"><strong>La broderie, ce d\u00e9tail qui fait toute la diff\u00e9rence<\/strong><\/p>\n\n\n\n<p>Celle-ci est faite avec des <strong>fils de soie perl\u00e9e fabriqu\u00e9s en France<\/strong> par l\u2019entreprise Au ver \u00e0 Soie\u00ae. Tant\u00f4t pastel, tant\u00f4t chatoyante, la broderie, <strong>r\u00e9alis\u00e9e enti\u00e8rement \u00e0 la main, \u00e0 l&rsquo;aiguille<\/strong>, est la pi\u00e8ce ma\u00eetresse de votre futur pochette ou bijou de sac.<\/p>\n\n\n\n<p>J\u2019utilise la technique de <strong>broderie traditionnelle Glazig<\/strong>, qui \u00e9tait pr\u00e9sente sur les costumes des hommes de la r\u00e9gion de Quimper en Bretagne au d\u00e9but du si\u00e8cle dernier. Ces costumes \u00e9taient fabriqu\u00e9s en drap de laine bleu, \u2018glaz\u2019 en breton, d\u2019o\u00f9 le nom de cette broderie. Le tissu brod\u00e9, ici du coton finement tiss\u00e9, est doubl\u00e9 de drap de laine qui apporte du volume \u00e0 la broderie et permet, suivant les points, d\u2019apporter une belle brillance aux fils de soie.<\/p>\n\n\n\n<figure class=\"wp-block-image aligncenter size-large is-resized\"><img decoding=\"async\" width=\"1400\" height=\"1400\" src=\"https:\/\/www.aufilduscorff.bzh\/wp-content\/uploads\/2024\/09\/20240718_151840-1400x1400.jpg\" alt=\"\" class=\"wp-image-1166\" style=\"width:624px;height:auto\" srcset=\"https:\/\/www.aufilduscorff.bzh\/wp-content\/uploads\/2024\/09\/20240718_151840-1400x1400.jpg 1400w, https:\/\/www.aufilduscorff.bzh\/wp-content\/uploads\/2024\/09\/20240718_151840-1441x1441.jpg 1441w, https:\/\/www.aufilduscorff.bzh\/wp-content\/uploads\/2024\/09\/20240718_151840-150x150.jpg 150w, https:\/\/www.aufilduscorff.bzh\/wp-content\/uploads\/2024\/09\/20240718_151840-768x768.jpg 768w, https:\/\/www.aufilduscorff.bzh\/wp-content\/uploads\/2024\/09\/20240718_151840-1536x1536.jpg 1536w, https:\/\/www.aufilduscorff.bzh\/wp-content\/uploads\/2024\/09\/20240718_151840-2048x2048.jpg 2048w, https:\/\/www.aufilduscorff.bzh\/wp-content\/uploads\/2024\/09\/20240718_151840-600x600.jpg 600w, https:\/\/www.aufilduscorff.bzh\/wp-content\/uploads\/2024\/09\/20240718_151840-100x100.jpg 100w\" sizes=\"(max-width: 1400px) 100vw, 1400px\" \/><figcaption class=\"wp-element-caption\"><em>Broderie en cours de r\u00e9alisation, au fil de soie perl\u00e9e<\/em><\/figcaption><\/figure>\n\n\n\n<p>Floraux, g\u00e9om\u00e9triques, d\u2019inspiration Art Nouveau, <strong>je cr\u00e9e les dessins de broderie moi-m\u00eame<\/strong>, en suivant l\u2019inspiration du moment. Lors de la conception du motif, je r\u00e9fl\u00e9chis \u00e9galement aux points qui correspondront le mieux aux espaces \u00e0 broder.<\/p>\n\n\n\n<p>Le moment du choix des couleurs de fils \u00e0 broder est un vrai plaisir, c\u2019est ce qui donne toute sa personnalit\u00e9 \u00e0 la pi\u00e8ce finie ! <strong>Chaque broderie est unique<\/strong>, je n\u2019en fais jamais deux identiques, les couleurs varient tout le temps. Vient enfin le moment o\u00f9 je passe plusieurs heures \u00e0 broder, avec concentration et application. J\u2019aime ces moments o\u00f9 le temps semble suspendu, et o\u00f9 se dessine petit \u00e0 petit, en couleurs, le motif que j\u2019ai cr\u00e9\u00e9&nbsp;!<\/p>\n\n\n\n<p class=\"has-text-color has-link-color has-medium-font-size wp-elements-49cfd6e793548f392bb32b3de53a3ff3\" style=\"color:#1d9a98\"><strong>Le choix des mati\u00e8res premi\u00e8res<\/strong><\/p>\n\n\n\n<p>Comme pour le fil de soie, j\u2019essaie au maximum de privil\u00e9gier les mati\u00e8res premi\u00e8res de fabrication fran\u00e7aise. Et lorsqu&rsquo;elles viennent de plus loin, c&rsquo;est toujours pour des raisons alliant au mieux qualit\u00e9 et esth\u00e9tique.<\/p>\n\n\n\n<p>Tout d\u2019abord le <strong>cuir. Il doit \u00eatre souple, r\u00e9sistant, qualitatif, mais aussi agr\u00e9able au toucher et beau \u00e0 l\u2019\u0153il&nbsp;!<\/strong> <\/p>\n\n\n\n<figure class=\"wp-block-image aligncenter size-large is-resized\"><img loading=\"lazy\" decoding=\"async\" width=\"1406\" height=\"1400\" src=\"https:\/\/www.aufilduscorff.bzh\/wp-content\/uploads\/2024\/09\/20240723_150839-1406x1400.jpg\" alt=\"\" class=\"wp-image-1167\" style=\"width:622px;height:auto\" srcset=\"https:\/\/www.aufilduscorff.bzh\/wp-content\/uploads\/2024\/09\/20240723_150839-1406x1400.jpg 1406w, https:\/\/www.aufilduscorff.bzh\/wp-content\/uploads\/2024\/09\/20240723_150839-1447x1441.jpg 1447w, https:\/\/www.aufilduscorff.bzh\/wp-content\/uploads\/2024\/09\/20240723_150839-150x150.jpg 150w, https:\/\/www.aufilduscorff.bzh\/wp-content\/uploads\/2024\/09\/20240723_150839-768x765.jpg 768w, https:\/\/www.aufilduscorff.bzh\/wp-content\/uploads\/2024\/09\/20240723_150839-1536x1529.jpg 1536w, https:\/\/www.aufilduscorff.bzh\/wp-content\/uploads\/2024\/09\/20240723_150839-2048x2039.jpg 2048w, https:\/\/www.aufilduscorff.bzh\/wp-content\/uploads\/2024\/09\/20240723_150839-600x597.jpg 600w, https:\/\/www.aufilduscorff.bzh\/wp-content\/uploads\/2024\/09\/20240723_150839-100x100.jpg 100w\" sizes=\"(max-width: 1406px) 100vw, 1406px\" \/><\/figure>\n\n\n\n<p>C\u2019est la teinte du cuir qui dictera en grande partie le choix des couleurs de la broderie ainsi que celles des fermetures Eclair\u00ae et de la doublure int\u00e9rieure.<\/p>\n\n\n\n<p>Pour le choix de cette doublure, je privil\u00e9gie de beaux cotons bios ou des cotons fins venant de la maison Liberty\u00ae. Qu\u2019il soit ton sur ton avec le cuir, ou de couleur compl\u00e9mentaire, <strong>l\u2019int\u00e9rieur de votre sac sera toujours choisi avec soin<\/strong> pour qu\u2019il soit <strong>le petit d\u00e9tail qui fait mouche<\/strong> quand vous l\u2019ouvrez.<\/p>\n\n\n\n<p>La bouclerie (mousquetons, boucle de r\u00e9glage) est choisie pour sa qualit\u00e9 et pour s\u2019assortir au mieux avec la fermeture Eclair\u00ae principale.<\/p>\n\n\n\n<p>Je coupe et couds chaque pi\u00e8ce moi-m\u00eame et veille \u00e0 la qualit\u00e9 et au rendu \u00e0 toutes les \u00e9tapes, jusqu&rsquo;\u00e0 la bandouli\u00e8re r\u00e9glable des pochettes et au sac de protection en coton, logot\u00e9 &lsquo;Au fil du Scorff&rsquo;. <\/p>\n\n\n\n<p><strong>Mon souhait est que vous puissiez vous offrir une tr\u00e8s belle cr\u00e9ation, unique, qualitative et que vous aurez plaisir \u00e0 porter !<\/strong><\/p>\n","protected":false},"excerpt":{"rendered":"<p>Je m\u2019appelle Sarah et je suis la fondatrice de l\u2019entreprise Au fil du Scorff. Depuis mes 10 ans, j&rsquo;ai un grand int\u00e9r\u00eat pour la culture bretonne, sous diff\u00e9rentes formes suivant les p\u00e9riodes de ma vie. L&rsquo;histoire, l&rsquo;architecture, la musique, les danses, les costumes, les modes de vies et les traditions se sont entrem\u00eal\u00e9s, un centre [&hellip;]<\/p>\n","protected":false},"author":1,"featured_media":0,"parent":0,"menu_order":4,"comment_status":"closed","ping_status":"open","template":"","meta":{"site-sidebar-layout":"default","site-content-layout":"","ast-site-content-layout":"default","site-content-style":"default","site-sidebar-style":"default","ast-global-header-display":"","ast-banner-title-visibility":"","ast-main-header-display":"","ast-hfb-above-header-display":"","ast-hfb-below-header-display":"","ast-hfb-mobile-header-display":"","site-post-title":"","ast-breadcrumbs-content":"","ast-featured-img":"","footer-sml-layout":"","ast-disable-related-posts":"","theme-transparent-header-meta":"","adv-header-id-meta":"","stick-header-meta":"","header-above-stick-meta":"","header-main-stick-meta":"","header-below-stick-meta":"","astra-migrate-meta-layouts":"default","ast-page-background-enabled":"default","ast-page-background-meta":{"desktop":{"background-color":"var(--ast-global-color-4)","background-image":"","background-repeat":"repeat","background-position":"center center","background-size":"auto","background-attachment":"scroll","background-type":"","background-media":"","overlay-type":"","overlay-color":"","overlay-opacity":"","overlay-gradient":""},"tablet":{"background-color":"","background-image":"","background-repeat":"repeat","background-position":"center center","background-size":"auto","background-attachment":"scroll","background-type":"","background-media":"","overlay-type":"","overlay-color":"","overlay-opacity":"","overlay-gradient":""},"mobile":{"background-color":"","background-image":"","background-repeat":"repeat","background-position":"center center","background-size":"auto","background-attachment":"scroll","background-type":"","background-media":"","overlay-type":"","overlay-color":"","overlay-opacity":"","overlay-gradient":""}},"ast-content-background-meta":{"desktop":{"background-color":"var(--ast-global-color-5)","background-image":"","background-repeat":"repeat","background-position":"center center","background-size":"auto","background-attachment":"scroll","background-type":"","background-media":"","overlay-type":"","overlay-color":"","overlay-opacity":"","overlay-gradient":""},"tablet":{"background-color":"var(--ast-global-color-5)","background-image":"","background-repeat":"repeat","background-position":"center center","background-size":"auto","background-attachment":"scroll","background-type":"","background-media":"","overlay-type":"","overlay-color":"","overlay-opacity":"","overlay-gradient":""},"mobile":{"background-color":"var(--ast-global-color-5)","background-image":"","background-repeat":"repeat","background-position":"center center","background-size":"auto","background-attachment":"scroll","background-type":"","background-media":"","overlay-type":"","overlay-color":"","overlay-opacity":"","overlay-gradient":""}},"footnotes":""},"folder":[],"class_list":["post-2","page","type-page","status-publish","hentry"],"_links":{"self":[{"href":"https:\/\/www.aufilduscorff.bzh\/index.php?rest_route=\/wp\/v2\/pages\/2","targetHints":{"allow":["GET"]}}],"collection":[{"href":"https:\/\/www.aufilduscorff.bzh\/index.php?rest_route=\/wp\/v2\/pages"}],"about":[{"href":"https:\/\/www.aufilduscorff.bzh\/index.php?rest_route=\/wp\/v2\/types\/page"}],"author":[{"embeddable":true,"href":"https:\/\/www.aufilduscorff.bzh\/index.php?rest_route=\/wp\/v2\/users\/1"}],"replies":[{"embeddable":true,"href":"https:\/\/www.aufilduscorff.bzh\/index.php?rest_route=%2Fwp%2Fv2%2Fcomments&post=2"}],"version-history":[{"count":67,"href":"https:\/\/www.aufilduscorff.bzh\/index.php?rest_route=\/wp\/v2\/pages\/2\/revisions"}],"predecessor-version":[{"id":2103,"href":"https:\/\/www.aufilduscorff.bzh\/index.php?rest_route=\/wp\/v2\/pages\/2\/revisions\/2103"}],"wp:attachment":[{"href":"https:\/\/www.aufilduscorff.bzh\/index.php?rest_route=%2Fwp%2Fv2%2Fmedia&parent=2"}],"wp:term":[{"taxonomy":"folder","embeddable":true,"href":"https:\/\/www.aufilduscorff.bzh\/index.php?rest_route=%2Fwp%2Fv2%2Ffolder&post=2"}],"curies":[{"name":"wp","href":"https:\/\/api.w.org\/{rel}","templated":true}]}}