{"id":2032,"date":"2025-12-03T17:52:27","date_gmt":"2025-12-03T16:52:27","guid":{"rendered":"https:\/\/www.aufilduscorff.bzh\/?page_id=2032"},"modified":"2026-03-24T17:09:18","modified_gmt":"2026-03-24T16:09:18","slug":"collections","status":"publish","type":"page","link":"https:\/\/www.aufilduscorff.bzh\/?page_id=2032","title":{"rendered":"Les collections"},"content":{"rendered":"\t\t<div data-elementor-type=\"wp-page\" data-elementor-id=\"2032\" class=\"elementor elementor-2032\">\n\t\t\t\t<div class=\"elementor-element elementor-element-84c323e e-flex e-con-boxed e-con e-parent\" data-id=\"84c323e\" data-element_type=\"container\" data-e-type=\"container\">\n\t\t\t\t\t<div class=\"e-con-inner\">\n\t\t\t\t<div class=\"elementor-element elementor-element-fc9e4ce elementor-widget elementor-widget-text-editor\" data-id=\"fc9e4ce\" data-element_type=\"widget\" data-e-type=\"widget\" data-widget_type=\"text-editor.default\">\n\t\t\t\t<div class=\"elementor-widget-container\">\n\t\t\t\t\t\t\t\t\t<p><strong>Vous trouverez ici les diff\u00e9rentes collections, toutes compos\u00e9es de pi\u00e8ces uniques. Un petit clic sur les photos et vous y \u00eates !<\/strong><\/p>\t\t\t\t\t\t\t\t<\/div>\n\t\t\t\t<\/div>\n\t\t\t\t\t<\/div>\n\t\t\t\t<\/div>\n\t\t<div class=\"elementor-element elementor-element-af2ceba e-flex e-con-boxed e-con e-parent\" data-id=\"af2ceba\" data-element_type=\"container\" data-e-type=\"container\">\n\t\t\t\t\t<div class=\"e-con-inner\">\n\t\t\t\t<div class=\"elementor-element elementor-element-f4c1958 elementor-widget elementor-widget-heading\" data-id=\"f4c1958\" data-element_type=\"widget\" data-e-type=\"widget\" data-widget_type=\"heading.default\">\n\t\t\t\t<div class=\"elementor-widget-container\">\n\t\t\t\t\t<h2 class=\"elementor-heading-title elementor-size-default\"><a href=\"https:\/\/www.aufilduscorff.bzh\/?product_cat=collection-amande-et-rose\">La collection Amande et rose<\/a><\/h2>\t\t\t\t<\/div>\n\t\t\t\t<\/div>\n\t\t\t\t<div class=\"elementor-element elementor-element-c0cb28a elementor-widget elementor-widget-text-editor\" data-id=\"c0cb28a\" data-element_type=\"widget\" data-e-type=\"widget\" data-widget_type=\"text-editor.default\">\n\t\t\t\t<div class=\"elementor-widget-container\">\n\t\t\t\t\t\t\t\t\t<p data-start=\"233\" data-end=\"289\">La collection Amande et rose a commenc\u00e9 par une couleur.<\/p><p data-start=\"291\" data-end=\"496\">Un <strong>cuir de ch\u00e8vre vert, l\u00e9g\u00e8rement kaki, avec un effet bross\u00e9 argent<\/strong>, rep\u00e9r\u00e9 chez mon fournisseur et mis de c\u00f4t\u00e9 avec l\u2019id\u00e9e d\u2019en faire une collection. Une teinte peu commune, douce et lumineuse \u00e0 la fois.<\/p><p data-start=\"498\" data-end=\"673\">Quelques mois plus tard, l\u2019envie de l\u2019<strong>associer \u00e0 des nuances de rose<\/strong> s\u2019est impos\u00e9e. Des roses <strong>tr\u00e8s doux, d\u2019autres plus soutenus<\/strong>, pour accompagner le passage vers le printemps.<\/p><p data-start=\"675\" data-end=\"906\">\u00c0 partir de ces mati\u00e8res, les pi\u00e8ces ont pris forme \u00e0 l\u2019atelier, une \u00e0 une. Chaque motif est dessin\u00e9 puis brod\u00e9 \u00e0 la main selon la tradition de la <strong>broderie glazig<\/strong>, avant d\u2019\u00eatre assembl\u00e9, de la d\u00e9coupe du cuir \u00e0 la derni\u00e8re couture.<\/p><p data-start=\"992\" data-end=\"1016\"><strong>Chaque pi\u00e8ce est unique.<\/strong><\/p>\t\t\t\t\t\t\t\t<\/div>\n\t\t\t\t<\/div>\n\t\t\t\t<div class=\"elementor-element elementor-element-27ecf12 elementor-widget elementor-widget-image\" data-id=\"27ecf12\" data-element_type=\"widget\" data-e-type=\"widget\" data-widget_type=\"image.default\">\n\t\t\t\t<div class=\"elementor-widget-container\">\n\t\t\t\t\t\t\t\t\t\t\t\t\t\t\t\t<a href=\"https:\/\/www.aufilduscorff.bzh\/?product_cat=collection-amande-et-rose\">\n\t\t\t\t\t\t\t<img fetchpriority=\"high\" decoding=\"async\" width=\"1200\" height=\"673\" src=\"https:\/\/www.aufilduscorff.bzh\/wp-content\/uploads\/2026\/03\/20260313_164212.jpg\" class=\"attachment-large size-large wp-image-2269\" alt=\"\" \/>\t\t\t\t\t\t\t\t<\/a>\n\t\t\t\t\t\t\t\t\t\t\t\t\t\t\t<\/div>\n\t\t\t\t<\/div>\n\t\t\t\t<div class=\"elementor-element elementor-element-2df44dc elementor-widget elementor-widget-text-editor\" data-id=\"2df44dc\" data-element_type=\"widget\" data-e-type=\"widget\" data-widget_type=\"text-editor.default\">\n\t\t\t\t<div class=\"elementor-widget-container\">\n\t\t\t\t\t\t\t\t\t<p>Collection Amande et rose<\/p>\t\t\t\t\t\t\t\t<\/div>\n\t\t\t\t<\/div>\n\t\t\t\t<div class=\"elementor-element elementor-element-f965a8c elementor-widget elementor-widget-heading\" data-id=\"f965a8c\" data-element_type=\"widget\" data-e-type=\"widget\" data-widget_type=\"heading.default\">\n\t\t\t\t<div class=\"elementor-widget-container\">\n\t\t\t\t\t<h2 class=\"elementor-heading-title elementor-size-default\"><a href=\"https:\/\/www.aufilduscorff.bzh\/?product_cat=collection-ambre-et-petrole\">La collection Ambre et p\u00e9trole<\/a><\/h2>\t\t\t\t<\/div>\n\t\t\t\t<\/div>\n\t\t\t\t<div class=\"elementor-element elementor-element-0d378ff elementor-widget elementor-widget-text-editor\" data-id=\"0d378ff\" data-element_type=\"widget\" data-e-type=\"widget\" data-widget_type=\"text-editor.default\">\n\t\t\t\t<div class=\"elementor-widget-container\">\n\t\t\t\t\t\t\t\t\t<p data-start=\"262\" data-end=\"407\"><strong>Une collection aux couleurs fortes<\/strong>, imagin\u00e9e pour r\u00e9chauffer la fin de l\u2019hiver et accompagner ton quotidien sur la dur\u00e9e !<\/p><p data-start=\"262\" data-end=\"407\">Elle est r\u00e9alis\u00e9e dans un <strong>cuir d\u2019agneau lisse jaune ambr\u00e9<\/strong>, une teinte lumineuse et assum\u00e9e qui donne une vraie pr\u00e9sence aux cr\u00e9ations.<br data-start=\"543\" data-end=\"546\" \/>Ce cuir est associ\u00e9 \u00e0 des fils de soie perl\u00e9e assortis et \u00e0 un <strong>cama\u00efeu de bleu p\u00e9trole<\/strong>, pour cr\u00e9er du contraste et mettre en valeur les motifs.<\/p><p data-start=\"262\" data-end=\"407\">La collection r\u00e9unit une grande pochette, deux pochettes, des marque-pages, des porte-cl\u00e9s et des bijoux de sac, tous brod\u00e9s \u00e0 la main en <strong>broderie glazig<\/strong>. <strong>Chaque pi\u00e8ce est unique<\/strong> et travaill\u00e9e en petite s\u00e9rie.<\/p><p data-start=\"262\" data-end=\"407\">Des cr\u00e9ations pens\u00e9es pour \u00eatre utilis\u00e9es au quotidien, faciles \u00e0 porter et \u00e0 associer, avec des d\u00e9tails que l\u2019on d\u00e9couvre vraiment en regardant chaque pi\u00e8ce de pr\u00e8s !<\/p>\t\t\t\t\t\t\t\t<\/div>\n\t\t\t\t<\/div>\n\t\t\t\t<div class=\"elementor-element elementor-element-b21090e elementor-widget elementor-widget-image\" data-id=\"b21090e\" data-element_type=\"widget\" data-e-type=\"widget\" data-widget_type=\"image.default\">\n\t\t\t\t<div class=\"elementor-widget-container\">\n\t\t\t\t\t\t\t\t\t\t\t\t\t\t\t\t<a href=\"https:\/\/www.aufilduscorff.bzh\/?product_cat=collection-ambre-et-petrole\">\n\t\t\t\t\t\t\t<img decoding=\"async\" width=\"1200\" height=\"670\" src=\"https:\/\/www.aufilduscorff.bzh\/wp-content\/uploads\/2026\/02\/20260128_170745.jpg\" class=\"attachment-large size-large wp-image-2191\" alt=\"\" \/>\t\t\t\t\t\t\t\t<\/a>\n\t\t\t\t\t\t\t\t\t\t\t\t\t\t\t<\/div>\n\t\t\t\t<\/div>\n\t\t\t\t<div class=\"elementor-element elementor-element-8aa7102 elementor-widget elementor-widget-text-editor\" data-id=\"8aa7102\" data-element_type=\"widget\" data-e-type=\"widget\" data-widget_type=\"text-editor.default\">\n\t\t\t\t<div class=\"elementor-widget-container\">\n\t\t\t\t\t\t\t\t\t<p>Collection Ambre et p\u00e9trole<\/p>\t\t\t\t\t\t\t\t<\/div>\n\t\t\t\t<\/div>\n\t\t\t\t<div class=\"elementor-element elementor-element-e1c6ee9 elementor-widget elementor-widget-heading\" data-id=\"e1c6ee9\" data-element_type=\"widget\" data-e-type=\"widget\" data-widget_type=\"heading.default\">\n\t\t\t\t<div class=\"elementor-widget-container\">\n\t\t\t\t\t<h2 class=\"elementor-heading-title elementor-size-default\"><a href=\"https:\/\/www.aufilduscorff.bzh\/?product_cat=collection-charbon-et-chardon\">La collection Charbon et chardon<\/a><\/h2>\t\t\t\t<\/div>\n\t\t\t\t<\/div>\n\t\t\t\t<div class=\"elementor-element elementor-element-4925b07 elementor-widget elementor-widget-text-editor\" data-id=\"4925b07\" data-element_type=\"widget\" data-e-type=\"widget\" data-widget_type=\"text-editor.default\">\n\t\t\t\t<div class=\"elementor-widget-container\">\n\t\t\t\t\t\t\t\t\t<p id=\"v1isPasted\">Pour cette collection, que je souhaitais <strong>intemporelle et multi-saisons,<\/strong> j&rsquo;ai choisi <strong>2 cuirs noirs<\/strong>, une base sobre et \u00e9l\u00e9gante :<\/p><ul><li>l&rsquo;un au touch\u00e9 velours, est d\u00e9licatement paillet\u00e9 de noir\u00a0<\/li><li>l&rsquo;autre est imprim\u00e9 d&rsquo;une imitation reptile qui lui donne un petit c\u00f4t\u00e9 sauvage<\/li><\/ul><p>Ces deux cuirs noirs jouent avec les variations de teintes et de lumi\u00e8re comme peut le faire le\u00a0<strong>charbon<\/strong>\u00a0!<\/p><p class=\"v1default\">Le choix du\u00a0<strong>violet \/ pourpre fonc\u00e9<\/strong> comme teinte \u00ab\u00a0secondaire\u00a0\u00bb est venu tout aussi simplement. Une teinte profonde, raffin\u00e9e, qui symbolise la cr\u00e9ativit\u00e9, la noblesse, la f\u00e9minit\u00e9 et le calme. Une <strong>couleur chardon\u00a0<\/strong>r\u00e9confortante, qui donne un vrai relief \u00e0 la <strong>broderie glazig<\/strong>.<\/p><p>Ainsi est n\u00e9e la <strong>collection Charbon et chardon<\/strong> qui se compose de deux pochettes,\u00a0une grande pochette\u00a0ainsi que de\u00a0bijoux de sacs,\u00a0porte-cl\u00e9s\u00a0et\u00a0marque-pages.\u00a0Des\u00a0<strong>pi\u00e8ces uniques, <\/strong>brod\u00e9es \u00e0 la main,\u00a0\u00e9l\u00e9gantes et f\u00e9minines pour t&rsquo;accompagner au quotidien, au fil des saisons !\u00a0<\/p>\t\t\t\t\t\t\t\t<\/div>\n\t\t\t\t<\/div>\n\t\t\t\t<div class=\"elementor-element elementor-element-d948515 elementor-widget elementor-widget-image\" data-id=\"d948515\" data-element_type=\"widget\" data-e-type=\"widget\" data-widget_type=\"image.default\">\n\t\t\t\t<div class=\"elementor-widget-container\">\n\t\t\t\t\t\t\t\t\t\t\t\t\t\t\t\t<a href=\"https:\/\/www.aufilduscorff.bzh\/?product_cat=collection-charbon-et-chardon\">\n\t\t\t\t\t\t\t<img decoding=\"async\" width=\"1200\" height=\"675\" src=\"https:\/\/www.aufilduscorff.bzh\/wp-content\/uploads\/2025\/12\/20251127_164821.jpg\" class=\"attachment-large size-large wp-image-2028\" alt=\"\" \/>\t\t\t\t\t\t\t\t<\/a>\n\t\t\t\t\t\t\t\t\t\t\t\t\t\t\t<\/div>\n\t\t\t\t<\/div>\n\t\t\t\t<div class=\"elementor-element elementor-element-4e4a8ef elementor-widget elementor-widget-text-editor\" data-id=\"4e4a8ef\" data-element_type=\"widget\" data-e-type=\"widget\" data-widget_type=\"text-editor.default\">\n\t\t\t\t<div class=\"elementor-widget-container\">\n\t\t\t\t\t\t\t\t\t<p>Collection Charbon et chardon<\/p>\t\t\t\t\t\t\t\t<\/div>\n\t\t\t\t<\/div>\n\t\t\t\t<div class=\"elementor-element elementor-element-c758d70 elementor-widget elementor-widget-heading\" data-id=\"c758d70\" data-element_type=\"widget\" data-e-type=\"widget\" data-widget_type=\"heading.default\">\n\t\t\t\t<div class=\"elementor-widget-container\">\n\t\t\t\t\t<h2 class=\"elementor-heading-title elementor-size-default\"><a href=\"https:\/\/www.aufilduscorff.bzh\/?product_cat=collection-cacao-et-rose\">La collection Cacao et rose<\/a><\/h2>\t\t\t\t<\/div>\n\t\t\t\t<\/div>\n\t\t\t\t<div class=\"elementor-element elementor-element-b2bfb8e elementor-widget elementor-widget-text-editor\" data-id=\"b2bfb8e\" data-element_type=\"widget\" data-e-type=\"widget\" data-widget_type=\"text-editor.default\">\n\t\t\t\t<div class=\"elementor-widget-container\">\n\t\t\t\t\t\t\t\t\t<p>Le brun profond d&rsquo;un <strong>cuir de ch\u00e8vre lisse, couleur cacao<\/strong>, rassurant et enveloppant. <strong>Le rose tendre<\/strong>, d\u00e9licat et lumineux, apport\u00e9 par <strong>les fils de soie perl\u00e9e<\/strong> et les touches subtiles du <strong>tissu Liberty<\/strong>. Ensemble, ils composent une harmonie douce et \u00e9l\u00e9gante.<\/p><p>C&rsquo;est dans cet esprit qu&rsquo;est n\u00e9e\u00a0<strong>Cacao et rose<\/strong> !<\/p><p class=\"v1default\">De cette inspiration sont n\u00e9es trois pochettes, des bijoux de sacs et marque-pages.<\/p><p>Chaque pi\u00e8ce est pens\u00e9e comme une petite parenth\u00e8se de douceur \u00e0 emporter avec toi : pour habiller tes essentiels, accompagner tes lectures, ou simplement t&rsquo;offrir le plaisir d&rsquo;une cr\u00e9ation unique et fait-main.<\/p>\t\t\t\t\t\t\t\t<\/div>\n\t\t\t\t<\/div>\n\t\t\t\t<div class=\"elementor-element elementor-element-93c3274 elementor-widget elementor-widget-image\" data-id=\"93c3274\" data-element_type=\"widget\" data-e-type=\"widget\" data-widget_type=\"image.default\">\n\t\t\t\t<div class=\"elementor-widget-container\">\n\t\t\t\t\t\t\t\t\t\t\t\t\t\t\t\t<a href=\"https:\/\/www.aufilduscorff.bzh\/?product_cat=collection-cacao-et-rose\">\n\t\t\t\t\t\t\t<img loading=\"lazy\" decoding=\"async\" width=\"1200\" height=\"676\" src=\"https:\/\/www.aufilduscorff.bzh\/wp-content\/uploads\/2025\/10\/20251002_171356.jpg\" class=\"attachment-large size-large wp-image-1818\" alt=\"\" \/>\t\t\t\t\t\t\t\t<\/a>\n\t\t\t\t\t\t\t\t\t\t\t\t\t\t\t<\/div>\n\t\t\t\t<\/div>\n\t\t\t\t<div class=\"elementor-element elementor-element-2bb789b elementor-widget elementor-widget-text-editor\" data-id=\"2bb789b\" data-element_type=\"widget\" data-e-type=\"widget\" data-widget_type=\"text-editor.default\">\n\t\t\t\t<div class=\"elementor-widget-container\">\n\t\t\t\t\t\t\t\t\t<p>Collection Cacao et rose<\/p>\t\t\t\t\t\t\t\t<\/div>\n\t\t\t\t<\/div>\n\t\t\t\t<div class=\"elementor-element elementor-element-515ac66 elementor-widget elementor-widget-heading\" data-id=\"515ac66\" data-element_type=\"widget\" data-e-type=\"widget\" data-widget_type=\"heading.default\">\n\t\t\t\t<div class=\"elementor-widget-container\">\n\t\t\t\t\t<h2 class=\"elementor-heading-title elementor-size-default\"><a href=\"https:\/\/www.aufilduscorff.bzh\/?product_cat=collection-camel-et-sarcelle\">La collection Camel et sarcelle<\/a><\/h2>\t\t\t\t<\/div>\n\t\t\t\t<\/div>\n\t\t\t\t<div class=\"elementor-element elementor-element-8e1adfd elementor-widget elementor-widget-text-editor\" data-id=\"8e1adfd\" data-element_type=\"widget\" data-e-type=\"widget\" data-widget_type=\"text-editor.default\">\n\t\t\t\t<div class=\"elementor-widget-container\">\n\t\t\t\t\t\t\t\t\t<p>L&rsquo;automne a trouv\u00e9 ses couleurs&#8230; et elles se d\u00e9clinent dans la premi\u00e8re collection automne <strong>Camel et sarcelle<\/strong>.<\/p><p>J&rsquo;y ai r\u00e9uni la chaleur r\u00e9confortante d&rsquo;un <strong>cuir camel<\/strong> au toucher brut, et l&rsquo;\u00e9clat du fil de soie perl\u00e9e <strong>bleu sarcelle<\/strong>, plus commun\u00e9ment appel\u00e9 bleu canard,\u00a0sublim\u00e9s par des broderies glazig r\u00e9alis\u00e9es \u00e0 la main. Chaque pi\u00e8ce est pens\u00e9e pour t&rsquo;accompagner au quotidien, avec \u00e9l\u00e9gance, authenticit\u00e9 et une petite touche d&rsquo;\u00e2me bretonne.<\/p><p>Au fil des points, sont n\u00e9es des pochettes uniques, des marque-pages d\u00e9licats, des bijoux de sacs et porte-cl\u00e9s&#8230; des cr\u00e9ations que tu ne retrouveras nulle part ailleurs.<\/p>\t\t\t\t\t\t\t\t<\/div>\n\t\t\t\t<\/div>\n\t\t\t\t<div class=\"elementor-element elementor-element-44bed54 elementor-widget elementor-widget-image\" data-id=\"44bed54\" data-element_type=\"widget\" data-e-type=\"widget\" data-widget_type=\"image.default\">\n\t\t\t\t<div class=\"elementor-widget-container\">\n\t\t\t\t\t\t\t\t\t\t\t\t\t\t\t\t<a href=\"https:\/\/www.aufilduscorff.bzh\/?product_cat=collection-camel-et-sarcelle\">\n\t\t\t\t\t\t\t<img loading=\"lazy\" decoding=\"async\" width=\"1200\" height=\"676\" src=\"https:\/\/www.aufilduscorff.bzh\/wp-content\/uploads\/2025\/09\/20250909_142711.jpg\" class=\"attachment-large size-large wp-image-1795\" alt=\"\" \/>\t\t\t\t\t\t\t\t<\/a>\n\t\t\t\t\t\t\t\t\t\t\t\t\t\t\t<\/div>\n\t\t\t\t<\/div>\n\t\t\t\t\t<\/div>\n\t\t\t\t<\/div>\n\t\t<div class=\"elementor-element elementor-element-92e7ab8 e-flex e-con-boxed e-con e-parent\" data-id=\"92e7ab8\" data-element_type=\"container\" data-e-type=\"container\">\n\t\t\t\t\t<div class=\"e-con-inner\">\n\t\t\t\t<div class=\"elementor-element elementor-element-ffb832e elementor-widget elementor-widget-text-editor\" data-id=\"ffb832e\" data-element_type=\"widget\" data-e-type=\"widget\" data-widget_type=\"text-editor.default\">\n\t\t\t\t<div class=\"elementor-widget-container\">\n\t\t\t\t\t\t\t\t\t<p>Collection Camel et sarcelle<\/p>\t\t\t\t\t\t\t\t<\/div>\n\t\t\t\t<\/div>\n\t\t\t\t\t<\/div>\n\t\t\t\t<\/div>\n\t\t\t\t<\/div>\n\t\t","protected":false},"excerpt":{"rendered":"<p>Vous trouverez ici les diff\u00e9rentes collections, toutes compos\u00e9es de pi\u00e8ces uniques. Un petit clic sur les photos et vous y \u00eates ! La collection Amande et rose La collection Amande et rose a commenc\u00e9 par une couleur. Un cuir de ch\u00e8vre vert, l\u00e9g\u00e8rement kaki, avec un effet bross\u00e9 argent, rep\u00e9r\u00e9 chez mon fournisseur et mis [&hellip;]<\/p>\n","protected":false},"author":1,"featured_media":0,"parent":0,"menu_order":0,"comment_status":"closed","ping_status":"closed","template":"","meta":{"site-sidebar-layout":"default","site-content-layout":"","ast-site-content-layout":"default","site-content-style":"default","site-sidebar-style":"default","ast-global-header-display":"","ast-banner-title-visibility":"","ast-main-header-display":"","ast-hfb-above-header-display":"","ast-hfb-below-header-display":"","ast-hfb-mobile-header-display":"","site-post-title":"","ast-breadcrumbs-content":"","ast-featured-img":"","footer-sml-layout":"","ast-disable-related-posts":"","theme-transparent-header-meta":"","adv-header-id-meta":"","stick-header-meta":"","header-above-stick-meta":"","header-main-stick-meta":"","header-below-stick-meta":"","astra-migrate-meta-layouts":"default","ast-page-background-enabled":"default","ast-page-background-meta":{"desktop":{"background-color":"var(--ast-global-color-4)","background-image":"","background-repeat":"repeat","background-position":"center center","background-size":"auto","background-attachment":"scroll","background-type":"","background-media":"","overlay-type":"","overlay-color":"","overlay-opacity":"","overlay-gradient":""},"tablet":{"background-color":"","background-image":"","background-repeat":"repeat","background-position":"center center","background-size":"auto","background-attachment":"scroll","background-type":"","background-media":"","overlay-type":"","overlay-color":"","overlay-opacity":"","overlay-gradient":""},"mobile":{"background-color":"","background-image":"","background-repeat":"repeat","background-position":"center center","background-size":"auto","background-attachment":"scroll","background-type":"","background-media":"","overlay-type":"","overlay-color":"","overlay-opacity":"","overlay-gradient":""}},"ast-content-background-meta":{"desktop":{"background-color":"var(--ast-global-color-5)","background-image":"","background-repeat":"repeat","background-position":"center center","background-size":"auto","background-attachment":"scroll","background-type":"","background-media":"","overlay-type":"","overlay-color":"","overlay-opacity":"","overlay-gradient":""},"tablet":{"background-color":"var(--ast-global-color-5)","background-image":"","background-repeat":"repeat","background-position":"center center","background-size":"auto","background-attachment":"scroll","background-type":"","background-media":"","overlay-type":"","overlay-color":"","overlay-opacity":"","overlay-gradient":""},"mobile":{"background-color":"var(--ast-global-color-5)","background-image":"","background-repeat":"repeat","background-position":"center center","background-size":"auto","background-attachment":"scroll","background-type":"","background-media":"","overlay-type":"","overlay-color":"","overlay-opacity":"","overlay-gradient":""}},"footnotes":""},"folder":[],"class_list":["post-2032","page","type-page","status-publish","hentry"],"_links":{"self":[{"href":"https:\/\/www.aufilduscorff.bzh\/index.php?rest_route=\/wp\/v2\/pages\/2032","targetHints":{"allow":["GET"]}}],"collection":[{"href":"https:\/\/www.aufilduscorff.bzh\/index.php?rest_route=\/wp\/v2\/pages"}],"about":[{"href":"https:\/\/www.aufilduscorff.bzh\/index.php?rest_route=\/wp\/v2\/types\/page"}],"author":[{"embeddable":true,"href":"https:\/\/www.aufilduscorff.bzh\/index.php?rest_route=\/wp\/v2\/users\/1"}],"replies":[{"embeddable":true,"href":"https:\/\/www.aufilduscorff.bzh\/index.php?rest_route=%2Fwp%2Fv2%2Fcomments&post=2032"}],"version-history":[{"count":62,"href":"https:\/\/www.aufilduscorff.bzh\/index.php?rest_route=\/wp\/v2\/pages\/2032\/revisions"}],"predecessor-version":[{"id":2277,"href":"https:\/\/www.aufilduscorff.bzh\/index.php?rest_route=\/wp\/v2\/pages\/2032\/revisions\/2277"}],"wp:attachment":[{"href":"https:\/\/www.aufilduscorff.bzh\/index.php?rest_route=%2Fwp%2Fv2%2Fmedia&parent=2032"}],"wp:term":[{"taxonomy":"folder","embeddable":true,"href":"https:\/\/www.aufilduscorff.bzh\/index.php?rest_route=%2Fwp%2Fv2%2Ffolder&post=2032"}],"curies":[{"name":"wp","href":"https:\/\/api.w.org\/{rel}","templated":true}]}}