{"id":3,"date":"2023-12-26T21:26:32","date_gmt":"2023-12-26T20:26:32","guid":{"rendered":"https:\/\/www.aufilduscorff.bzh\/?page_id=3"},"modified":"2024-03-25T21:23:12","modified_gmt":"2024-03-25T20:23:12","slug":"politique-de-confidentialite","status":"publish","type":"page","link":"https:\/\/www.aufilduscorff.bzh\/?page_id=3","title":{"rendered":"Politique de confidentialit\u00e9"},"content":{"rendered":"\n<p><strong>&nbsp;1. Qui sommes-nous ?<\/strong><\/p>\n\n\n\n<p>L\u2019adresse de notre site est&nbsp;: https:\/\/www.aufilduscorff.bzh.<\/p>\n\n\n\n<p><strong>&nbsp;2.<\/strong> <strong>Utilisation des donn\u00e9es personnelles collect\u00e9es<\/strong><\/p>\n\n\n\n<p>Au fil du Scorff s\u2019engage \u00e0 prot\u00e9ger la vie priv\u00e9e des utilisateurs du site et de ses clients, \u00e0 ne pas communiquer les informations de ses utilisateurs (nom, adresse mail, adresse postale, informations bancaires ou toute autre information personnelle) \u00e0 des tiers, sauf si cela est n\u00e9cessaire, notamment dans le but de fournir un service comme l&rsquo;organisation de l\u2019exp\u00e9dition d\u2019un produit, effectuer des contr\u00f4les bancaires ou de s\u00e9curit\u00e9. Les donn\u00e9es collect\u00e9es sont celles que vous renseignez au moment de la commande.<\/p>\n\n\n\n<p>En outre, notre responsabilit\u00e9 ne saurait \u00eatre engag\u00e9e quant \u00e0 d\u2019\u00e9ventuelles actions venant de sites tiers desquels ou vers lesquels vous auriez pu \u00eatre redirig\u00e9.<\/p>\n\n\n\n<p><strong>3. Cookies<\/strong><\/p>\n\n\n\n<p>Un cookie est un petit fichier informatique envoy\u00e9 depuis internet et stock\u00e9 sur l&rsquo;appareil avec lequel vous vous connectez. En vous enregistrant sur https:\/\/www.aufilduscorff.bzh, vous stockez sur votre appareil un cookie qui vous permettra de ne pas avoir \u00e0 rentrer une nouvelle fois votre adresse email en revenant sur ce site. Vous pouvez changer les r\u00e9glages des cookies dans votre navigateur internet afin d\u2019\u00e9viter qu\u2019ils ne soient install\u00e9s dans votre ordinateur contre votre volont\u00e9.<\/p>\n\n\n\n<p><strong>4. Statistiques et mesures d&rsquo;audience<\/strong><\/p>\n\n\n\n<p>Un suivi de la fr\u00e9quentation est effectu\u00e9 sur le site https:\/\/www.aufilduscorff.bzh. Pour cela, l&rsquo;entreprise a recours \u00e0 l\u2019outil Google Analytics, un service d\u2019analyse de site internet fourni par Google Inc. (\u00ab Google \u00bb). Google Analytics utilise des cookies, qui sont des fichiers texte plac\u00e9s sur votre ordinateur, pour aider le site internet \u00e0 analyser l\u2019utilisation du site par ses utilisateurs. Les donn\u00e9es g\u00e9n\u00e9r\u00e9es par les cookies concernant l\u2019utilisation faite du site (y compris les adresses IP) seront transmises et stock\u00e9es par Google sur des serveurs situ\u00e9s aux \u00c9tats-Unis. Google utilisera cette information dans le but d\u2019\u00e9valuer l\u2019utilisation du site, de compiler des rapports sur l\u2019activit\u00e9 du site \u00e0 destination de son \u00e9diteur et de fournir d\u2019autres services relatifs \u00e0 l\u2019activit\u00e9 du site et \u00e0 l\u2019utilisation d\u2019Internet. Google est susceptible de communiquer ces donn\u00e9es \u00e0 des tiers en cas d\u2019obligation l\u00e9gale ou lorsque ces tiers traitent ces donn\u00e9es pour le compte de Google, y compris notamment l\u2019\u00e9diteur de ce site. Google ne recoupera pas les adresses IP avec toute autre donn\u00e9e d\u00e9tenue par Google. Il est possible de d\u00e9sactiver l\u2019utilisation de cookies en s\u00e9lectionnant les param\u00e8tres appropri\u00e9s dans le navigateur utilis\u00e9. Cependant, une telle d\u00e9sactivation pourrait emp\u00eacher l\u2019utilisation de certaines fonctionnalit\u00e9s de ce site. En utilisant ce site internet, le visiteur consent express\u00e9ment au traitement de ses donn\u00e9es nominatives par Google dans les conditions et pour les finalit\u00e9s d\u00e9crites ci-dessus.<\/p>\n\n\n\n<p><strong>6. Dur\u00e9es de stockage de vos donn\u00e9es<\/strong><\/p>\n\n\n\n<p>Si vous laissez un commentaire, le commentaire et ses m\u00e9tadonn\u00e9es sont conserv\u00e9s ind\u00e9finiment. Cela permet de reconna\u00eetre et approuver automatiquement les commentaires suivants au lieu de les laisser dans la file de mod\u00e9ration.<\/p>\n\n\n\n<p>Pour les personnes qui s\u2019inscrivent sur notre site (le cas \u00e9ch\u00e9ant), nous stockons \u00e9galement les donn\u00e9es personnelles indiqu\u00e9es dans leur profil. Tous les comptes peuvent voir, modifier ou supprimer leurs informations personnelles \u00e0 tout moment (\u00e0 l\u2019exception de leur identifiant). Les gestionnaires du site peuvent aussi voir et modifier ces informations.<\/p>\n\n\n\n<p><strong>7. Les droits que vous avez sur vos donn\u00e9es<\/strong><\/p>\n\n\n\n<p>Si vous avez un compte ou si vous avez laiss\u00e9 des commentaires sur le site, vous pouvez demander \u00e0 recevoir un fichier contenant toutes les donn\u00e9es personnelles que nous poss\u00e9dons \u00e0 votre sujet, incluant celles que vous nous avez fournies. Vous pouvez \u00e9galement demander la suppression des donn\u00e9es personnelles vous concernant. Cela ne prend pas en compte les donn\u00e9es stock\u00e9es \u00e0 des fins administratives, l\u00e9gales ou pour des raisons de s\u00e9curit\u00e9. Vous pouvez nous adresser toute demande en utilisant le <a href=\"https:\/\/www.aufilduscorff.bzh\/?page_id=581\">formulaire de contact<\/a> ou par voie postale \u00e0 l&rsquo;adresse suivante :  Sarah Leroy, 1 Keradennec le bourg 56620 Cl\u00e9guer.<\/p>\n\n\n\n<p><strong>8. Proc\u00e9dures mises en \u0153uvre en cas de fuite de donn\u00e9es <\/strong><\/p>\n\n\n\n<p>En cas de probl\u00e8me constat\u00e9, nous nous engageons \u00e0 communiquer en toute transparence sur la situation. D\u2019une part, nous informerions la CNIL, autorit\u00e9 de contr\u00f4le comp\u00e9tente. D\u2019autre part, nous avertirions les personnes concern\u00e9es, si la fuite peut engendrer un risque r\u00e9el pour leurs droits et libert\u00e9s (donn\u00e9es sensibles).<\/p>\n","protected":false},"excerpt":{"rendered":"<p>&nbsp;1. Qui sommes-nous ? L\u2019adresse de notre site est&nbsp;: https:\/\/www.aufilduscorff.bzh. &nbsp;2. Utilisation des donn\u00e9es personnelles collect\u00e9es Au fil du Scorff s\u2019engage \u00e0 prot\u00e9ger la vie priv\u00e9e des utilisateurs du site et de ses clients, \u00e0 ne pas communiquer les informations de ses utilisateurs (nom, adresse mail, adresse postale, informations bancaires ou toute autre information personnelle) [&hellip;]<\/p>\n","protected":false},"author":1,"featured_media":0,"parent":0,"menu_order":0,"comment_status":"closed","ping_status":"open","template":"","meta":{"site-sidebar-layout":"default","site-content-layout":"","ast-site-content-layout":"default","site-content-style":"default","site-sidebar-style":"default","ast-global-header-display":"","ast-banner-title-visibility":"","ast-main-header-display":"","ast-hfb-above-header-display":"","ast-hfb-below-header-display":"","ast-hfb-mobile-header-display":"","site-post-title":"","ast-breadcrumbs-content":"","ast-featured-img":"","footer-sml-layout":"","ast-disable-related-posts":"","theme-transparent-header-meta":"","adv-header-id-meta":"","stick-header-meta":"","header-above-stick-meta":"","header-main-stick-meta":"","header-below-stick-meta":"","astra-migrate-meta-layouts":"default","ast-page-background-enabled":"default","ast-page-background-meta":{"desktop":{"background-color":"var(--ast-global-color-4)","background-image":"","background-repeat":"repeat","background-position":"center center","background-size":"auto","background-attachment":"scroll","background-type":"","background-media":"","overlay-type":"","overlay-color":"","overlay-opacity":"","overlay-gradient":""},"tablet":{"background-color":"","background-image":"","background-repeat":"repeat","background-position":"center center","background-size":"auto","background-attachment":"scroll","background-type":"","background-media":"","overlay-type":"","overlay-color":"","overlay-opacity":"","overlay-gradient":""},"mobile":{"background-color":"","background-image":"","background-repeat":"repeat","background-position":"center center","background-size":"auto","background-attachment":"scroll","background-type":"","background-media":"","overlay-type":"","overlay-color":"","overlay-opacity":"","overlay-gradient":""}},"ast-content-background-meta":{"desktop":{"background-color":"var(--ast-global-color-5)","background-image":"","background-repeat":"repeat","background-position":"center center","background-size":"auto","background-attachment":"scroll","background-type":"","background-media":"","overlay-type":"","overlay-color":"","overlay-opacity":"","overlay-gradient":""},"tablet":{"background-color":"var(--ast-global-color-5)","background-image":"","background-repeat":"repeat","background-position":"center center","background-size":"auto","background-attachment":"scroll","background-type":"","background-media":"","overlay-type":"","overlay-color":"","overlay-opacity":"","overlay-gradient":""},"mobile":{"background-color":"var(--ast-global-color-5)","background-image":"","background-repeat":"repeat","background-position":"center center","background-size":"auto","background-attachment":"scroll","background-type":"","background-media":"","overlay-type":"","overlay-color":"","overlay-opacity":"","overlay-gradient":""}},"footnotes":""},"folder":[],"class_list":["post-3","page","type-page","status-publish","hentry"],"_links":{"self":[{"href":"https:\/\/www.aufilduscorff.bzh\/index.php?rest_route=\/wp\/v2\/pages\/3","targetHints":{"allow":["GET"]}}],"collection":[{"href":"https:\/\/www.aufilduscorff.bzh\/index.php?rest_route=\/wp\/v2\/pages"}],"about":[{"href":"https:\/\/www.aufilduscorff.bzh\/index.php?rest_route=\/wp\/v2\/types\/page"}],"author":[{"embeddable":true,"href":"https:\/\/www.aufilduscorff.bzh\/index.php?rest_route=\/wp\/v2\/users\/1"}],"replies":[{"embeddable":true,"href":"https:\/\/www.aufilduscorff.bzh\/index.php?rest_route=%2Fwp%2Fv2%2Fcomments&post=3"}],"version-history":[{"count":10,"href":"https:\/\/www.aufilduscorff.bzh\/index.php?rest_route=\/wp\/v2\/pages\/3\/revisions"}],"predecessor-version":[{"id":942,"href":"https:\/\/www.aufilduscorff.bzh\/index.php?rest_route=\/wp\/v2\/pages\/3\/revisions\/942"}],"wp:attachment":[{"href":"https:\/\/www.aufilduscorff.bzh\/index.php?rest_route=%2Fwp%2Fv2%2Fmedia&parent=3"}],"wp:term":[{"taxonomy":"folder","embeddable":true,"href":"https:\/\/www.aufilduscorff.bzh\/index.php?rest_route=%2Fwp%2Fv2%2Ffolder&post=3"}],"curies":[{"name":"wp","href":"https:\/\/api.w.org\/{rel}","templated":true}]}}