{"id":373,"date":"2024-03-09T13:58:53","date_gmt":"2024-03-09T12:58:53","guid":{"rendered":"https:\/\/www.aufilduscorff.bzh\/?page_id=373"},"modified":"2026-03-19T16:00:42","modified_gmt":"2026-03-19T15:00:42","slug":"373-2","status":"publish","type":"page","link":"https:\/\/www.aufilduscorff.bzh\/","title":{"rendered":""},"content":{"rendered":"\t\t<div data-elementor-type=\"wp-page\" data-elementor-id=\"373\" class=\"elementor elementor-373\">\n\t\t\t\t<div class=\"elementor-element elementor-element-7c447632 e-flex e-con-boxed e-con e-parent\" data-id=\"7c447632\" data-element_type=\"container\" data-e-type=\"container\">\n\t\t\t\t\t<div class=\"e-con-inner\">\n\t\t\t\t<div class=\"elementor-element elementor-element-2cae9565 elementor-widget elementor-widget-text-editor\" data-id=\"2cae9565\" data-element_type=\"widget\" data-e-type=\"widget\" data-widget_type=\"text-editor.default\">\n\t\t\t\t<div class=\"elementor-widget-container\">\n\t\t\t\t\t\t\t\t\t\n<div class=\"alignnormal\"><div id=\"metaslider-id-728\" style=\"width: 100%; margin: 0 auto;\" class=\"ml-slider-3-107-0 metaslider metaslider-flex metaslider-728 ml-slider has-dots-nav ms-theme-blend\" role=\"region\" aria-label=\"Diaporama accueil\" data-height=\"2000\" data-width=\"3000\">\n    <div id=\"metaslider_container_728\">\n        <div id=\"metaslider_728\">\n            <ul class='slides'>\n                <li style=\"display: block; width: 100%;\" class=\"slide-731 ms-image \" aria-roledescription=\"slide\" data-date=\"2024-03-22 15:33:53\" data-filename=\"20260313_164212.jpg\" data-slide-type=\"image\"><a href=\"https:\/\/www.aufilduscorff.bzh\/?product_cat=collection-amande-et-rose\" target=\"_self\" aria-label=\"Voir les d\u00e9tails de la diapositive\" class=\"metaslider_image_link\"><img fetchpriority=\"high\" decoding=\"async\" width=\"3699\" height=\"2075\" src=\"https:\/\/www.aufilduscorff.bzh\/wp-content\/uploads\/2026\/03\/20260313_164212.jpg\" class=\"slider-728 slide-731 msDefaultImage\" alt=\"\" rel=\"\" title=\"Collection Amande et rose - Au fil du Scorff\" \/><\/a><div class=\"caption-wrap\"><div class=\"caption\"><div>La collection Amande et rose<\/div><\/div><\/div><\/li>\n                <li style=\"display: none; width: 100%;\" class=\"slide-1879 ms-image \" aria-roledescription=\"slide\" data-date=\"2025-10-17 16:58:36\" data-filename=\"20260128_170745.jpg\" data-slide-type=\"image\"><a href=\"https:\/\/www.aufilduscorff.bzh\/?product_cat=collection-ambre-et-petrole\" target=\"_self\" aria-label=\"La collection Ambre et p\u00e9trole\" class=\"metaslider_image_link\"><img decoding=\"async\" width=\"3733\" height=\"2085\" src=\"https:\/\/www.aufilduscorff.bzh\/wp-content\/uploads\/2026\/02\/20260128_170745.jpg\" class=\"slider-728 slide-1879 msDefaultImage\" alt=\"\" rel=\"\" title=\"Collection Ambre et p\u00e9trole - AU fil du Scorff\" \/><\/a><div class=\"caption-wrap\"><div class=\"caption\"><div>La collection Ambre et p\u00e9trole<\/div><\/div><\/div><\/li>\n                <li style=\"display: none; width: 100%;\" class=\"slide-748 ms-image \" aria-roledescription=\"slide\" data-date=\"2024-03-23 15:27:04\" data-filename=\"20250317_161755.jpg\" data-slide-type=\"image\"><a href=\"https:\/\/www.aufilduscorff.bzh\/?product_cat=marque-pages\" target=\"_self\" aria-label=\"Voir les d\u00e9tails de la diapositive\" class=\"metaslider_image_link\"><img decoding=\"async\" width=\"3440\" height=\"1937\" src=\"https:\/\/www.aufilduscorff.bzh\/wp-content\/uploads\/2025\/03\/20250317_161755.jpg\" class=\"slider-728 slide-748 msDefaultImage\" alt=\"\" rel=\"\" title=\"Marque-pages\" \/><\/a><div class=\"caption-wrap\"><div class=\"caption\"><div>Les marque-pages<\/div><\/div><\/div><\/li>\n            <\/ul>\n        <\/div>\n        \n    <\/div>\n<\/div><\/div>\n\n<div class=\"wp-block-columns is-layout-flex wp-container-core-columns-is-layout-28f84493 wp-block-columns-is-layout-flex\">\u00a0<\/div>\n\t\t\t\t\t\t\t\t<\/div>\n\t\t\t\t<\/div>\n\t\t\t\t\t<\/div>\n\t\t\t\t<\/div>\n\t\t<div class=\"elementor-element elementor-element-10e8009 e-grid e-con-boxed e-con e-parent\" data-id=\"10e8009\" data-element_type=\"container\" data-e-type=\"container\">\n\t\t\t\t\t<div class=\"e-con-inner\">\n\t\t\t\t<div class=\"elementor-element elementor-element-49de4e4 elementor-widget elementor-widget-text-editor\" data-id=\"49de4e4\" data-element_type=\"widget\" data-e-type=\"widget\" data-widget_type=\"text-editor.default\">\n\t\t\t\t<div class=\"elementor-widget-container\">\n\t\t\t\t\t\t\t\t\t<p>\u00a0<\/p>\n<p>\u00a0<\/p>\n<p>\u00a0<\/p>\n<p>\u00a0<\/p>\n<p>Avec <strong>Au fil du Scorff,<\/strong> je vous propose des accessoires en cuir, brod\u00e9s \u00e0 la main, enti\u00e8rement con\u00e7us et produits dans mon atelier en Bretagne Sud !<\/p>\n<p>Je ne cr\u00e9e que des pi\u00e8ces uniques. Lorsque vous achetez un article <strong>Au fil du Scorff<\/strong>, vous vous assurez d\u2019acqu\u00e9rir une cr\u00e9ation artisanale et originale.\u00a0<\/p>\t\t\t\t\t\t\t\t<\/div>\n\t\t\t\t<\/div>\n\t\t\t\t<div class=\"elementor-element elementor-element-26ebd49 elementor-widget elementor-widget-image\" data-id=\"26ebd49\" data-element_type=\"widget\" data-e-type=\"widget\" data-widget_type=\"image.default\">\n\t\t\t\t<div class=\"elementor-widget-container\">\n\t\t\t\t\t\t\t\t\t\t\t\t\t\t\t<img loading=\"lazy\" decoding=\"async\" width=\"2889\" height=\"3852\" src=\"https:\/\/www.aufilduscorff.bzh\/wp-content\/uploads\/2025\/11\/20251105_115203.jpg\" class=\"attachment-full size-full wp-image-1888\" alt=\"\" \/>\t\t\t\t\t\t\t\t\t\t\t\t\t\t\t<\/div>\n\t\t\t\t<\/div>\n\t\t\t\t<div class=\"elementor-element elementor-element-439d191 elementor-widget elementor-widget-image\" data-id=\"439d191\" data-element_type=\"widget\" data-e-type=\"widget\" data-widget_type=\"image.default\">\n\t\t\t\t<div class=\"elementor-widget-container\">\n\t\t\t\t\t\t\t\t\t\t\t\t\t\t\t<img loading=\"lazy\" decoding=\"async\" width=\"2250\" height=\"2813\" src=\"https:\/\/www.aufilduscorff.bzh\/wp-content\/uploads\/2025\/03\/20250303_184329.jpg\" class=\"attachment-full size-full wp-image-1481\" alt=\"\" \/>\t\t\t\t\t\t\t\t\t\t\t\t\t\t\t<\/div>\n\t\t\t\t<\/div>\n\t\t\t\t<div class=\"elementor-element elementor-element-959b53a elementor-widget elementor-widget-text-editor\" data-id=\"959b53a\" data-element_type=\"widget\" data-e-type=\"widget\" data-widget_type=\"text-editor.default\">\n\t\t\t\t<div class=\"elementor-widget-container\">\n\t\t\t\t\t\t\t\t\t<p>\u00a0<\/p>\n<p>\u00a0<\/p>\n<p>\u00a0<\/p>\n<p>\u00a0<\/p>\n<p>Je s\u00e9lectionne les plus belles mati\u00e8res, que ce soit le cuir, les doublures dans de beaux cotons tr\u00e8s doux ou les fils de soie pour la broderie, afin que vous ayez toujours du plaisir \u00e0 utiliser votre cr\u00e9ation <strong>Au fil du Scorff<\/strong>.<\/p>\n<p>La broderie, dont je cr\u00e9e le dessin, est la pi\u00e8ce ma\u00eetresse de votre futur accessoire. Elle est r\u00e9alis\u00e9e enti\u00e8rement \u00e0 la main, en utilisant la technique de la broderie Glazig. Je choisis les couleurs des fils avec attention pour s&rsquo;harmoniser au mieux avec le cuir et la doublure, pour avoir un r\u00e9sultat tant\u00f4t doux, tant\u00f4t chatoyant !<\/p>\t\t\t\t\t\t\t\t<\/div>\n\t\t\t\t<\/div>\n\t\t\t\t\t<\/div>\n\t\t\t\t<\/div>\n\t\t<div class=\"elementor-element elementor-element-b66423b e-flex e-con-boxed e-con e-parent\" data-id=\"b66423b\" data-element_type=\"container\" data-e-type=\"container\">\n\t\t\t\t\t<div class=\"e-con-inner\">\n\t\t\t\t<div class=\"elementor-element elementor-element-9b3beed elementor-widget elementor-widget-text-editor\" data-id=\"9b3beed\" data-element_type=\"widget\" data-e-type=\"widget\" data-widget_type=\"text-editor.default\">\n\t\t\t\t<div class=\"elementor-widget-container\">\n\t\t\t\t\t\t\t\t\t<p>Je vous souhaite une tr\u00e8s belle visite Au fil du Scorff &#8230;<\/p>\t\t\t\t\t\t\t\t<\/div>\n\t\t\t\t<\/div>\n\t\t\t\t\t<\/div>\n\t\t\t\t<\/div>\n\t\t\t\t<\/div>\n\t\t","protected":false},"excerpt":{"rendered":"<p>\u00a0 \u00a0 \u00a0 \u00a0 \u00a0 Avec Au fil du Scorff, je vous propose des accessoires en cuir, brod\u00e9s \u00e0 la main, enti\u00e8rement con\u00e7us et produits dans mon atelier en Bretagne Sud ! Je ne cr\u00e9e que des pi\u00e8ces uniques. Lorsque vous achetez un article Au fil du Scorff, vous vous assurez d\u2019acqu\u00e9rir une cr\u00e9ation artisanale [&hellip;]<\/p>\n","protected":false},"author":1,"featured_media":0,"parent":0,"menu_order":1,"comment_status":"closed","ping_status":"closed","template":"","meta":{"site-sidebar-layout":"default","site-content-layout":"","ast-site-content-layout":"default","site-content-style":"default","site-sidebar-style":"default","ast-global-header-display":"","ast-banner-title-visibility":"","ast-main-header-display":"","ast-hfb-above-header-display":"","ast-hfb-below-header-display":"","ast-hfb-mobile-header-display":"","site-post-title":"","ast-breadcrumbs-content":"","ast-featured-img":"","footer-sml-layout":"","ast-disable-related-posts":"","theme-transparent-header-meta":"","adv-header-id-meta":"","stick-header-meta":"","header-above-stick-meta":"","header-main-stick-meta":"","header-below-stick-meta":"","astra-migrate-meta-layouts":"default","ast-page-background-enabled":"default","ast-page-background-meta":{"desktop":{"background-color":"var(--ast-global-color-4)","background-image":"","background-repeat":"repeat","background-position":"center center","background-size":"auto","background-attachment":"scroll","background-type":"","background-media":"","overlay-type":"","overlay-color":"","overlay-opacity":"","overlay-gradient":""},"tablet":{"background-color":"","background-image":"","background-repeat":"repeat","background-position":"center center","background-size":"auto","background-attachment":"scroll","background-type":"","background-media":"","overlay-type":"","overlay-color":"","overlay-opacity":"","overlay-gradient":""},"mobile":{"background-color":"","background-image":"","background-repeat":"repeat","background-position":"center center","background-size":"auto","background-attachment":"scroll","background-type":"","background-media":"","overlay-type":"","overlay-color":"","overlay-opacity":"","overlay-gradient":""}},"ast-content-background-meta":{"desktop":{"background-color":"var(--ast-global-color-5)","background-image":"","background-repeat":"repeat","background-position":"center center","background-size":"auto","background-attachment":"scroll","background-type":"","background-media":"","overlay-type":"","overlay-color":"","overlay-opacity":"","overlay-gradient":""},"tablet":{"background-color":"var(--ast-global-color-5)","background-image":"","background-repeat":"repeat","background-position":"center center","background-size":"auto","background-attachment":"scroll","background-type":"","background-media":"","overlay-type":"","overlay-color":"","overlay-opacity":"","overlay-gradient":""},"mobile":{"background-color":"var(--ast-global-color-5)","background-image":"","background-repeat":"repeat","background-position":"center center","background-size":"auto","background-attachment":"scroll","background-type":"","background-media":"","overlay-type":"","overlay-color":"","overlay-opacity":"","overlay-gradient":""}},"footnotes":""},"folder":[],"class_list":["post-373","page","type-page","status-publish","hentry"],"_links":{"self":[{"href":"https:\/\/www.aufilduscorff.bzh\/index.php?rest_route=\/wp\/v2\/pages\/373","targetHints":{"allow":["GET"]}}],"collection":[{"href":"https:\/\/www.aufilduscorff.bzh\/index.php?rest_route=\/wp\/v2\/pages"}],"about":[{"href":"https:\/\/www.aufilduscorff.bzh\/index.php?rest_route=\/wp\/v2\/types\/page"}],"author":[{"embeddable":true,"href":"https:\/\/www.aufilduscorff.bzh\/index.php?rest_route=\/wp\/v2\/users\/1"}],"replies":[{"embeddable":true,"href":"https:\/\/www.aufilduscorff.bzh\/index.php?rest_route=%2Fwp%2Fv2%2Fcomments&post=373"}],"version-history":[{"count":173,"href":"https:\/\/www.aufilduscorff.bzh\/index.php?rest_route=\/wp\/v2\/pages\/373\/revisions"}],"predecessor-version":[{"id":2272,"href":"https:\/\/www.aufilduscorff.bzh\/index.php?rest_route=\/wp\/v2\/pages\/373\/revisions\/2272"}],"wp:attachment":[{"href":"https:\/\/www.aufilduscorff.bzh\/index.php?rest_route=%2Fwp%2Fv2%2Fmedia&parent=373"}],"wp:term":[{"taxonomy":"folder","embeddable":true,"href":"https:\/\/www.aufilduscorff.bzh\/index.php?rest_route=%2Fwp%2Fv2%2Ffolder&post=373"}],"curies":[{"name":"wp","href":"https:\/\/api.w.org\/{rel}","templated":true}]}}