{"id":1609,"date":"2025-06-02T21:26:50","date_gmt":"2025-06-02T19:26:50","guid":{"rendered":"https:\/\/www.aufilduscorff.bzh\/?post_type=product&#038;p=1609"},"modified":"2026-03-19T15:48:47","modified_gmt":"2026-03-19T14:48:47","slug":"bigoudene-ocean","status":"publish","type":"product","link":"https:\/\/www.aufilduscorff.bzh\/?product=bigoudene-ocean","title":{"rendered":"Bigoud\u00e8ne oc\u00e9an"},"content":{"rendered":"<p>La broderie du marque-page est r\u00e9alis\u00e9e \u00e0 la main avec des fils de soie, en utilisant les techniques et points de broderie Glazig (broderie traditionnelle des anciens costumes hommes de la r\u00e9gion de Quimper).<\/p>\n<p>Elle est encadr\u00e9e de cuir de ch\u00e8vre nacr\u00e9 bleu d&rsquo;eau, qui recouvre \u00e9galement l&rsquo;arri\u00e8re du marque-page. La languette en coton Liberty<span class=\"label-auteur texte-reader\">\u00ae Wiltshire bleu turquoise, se glisse entre les pages de votre livre en cours de lecture.<\/span><\/p>\n<p>Dimensions du marque-page : m\u00e9daillon en cuir 5 x 6cm, longueur totale 28,5cm.<\/p>\n<p>L&rsquo;int\u00e9gralit\u00e9 de la confection est r\u00e9alis\u00e9e dans mon atelier en Bretagne.<\/p>\n","protected":false},"excerpt":{"rendered":"<p>Marque-page, brod\u00e9 \u00e0 la main d\u2019une Bigoud\u00e8ne en grande coiffe, en cuir de ch\u00e8vre nacr\u00e9 bleu d&rsquo;eau.<\/p>\n","protected":false},"featured_media":1610,"template":"","meta":{"site-sidebar-layout":"default","site-content-layout":"","ast-site-content-layout":"default","site-content-style":"default","site-sidebar-style":"default","ast-global-header-display":"","ast-banner-title-visibility":"","ast-main-header-display":"","ast-hfb-above-header-display":"","ast-hfb-below-header-display":"","ast-hfb-mobile-header-display":"","site-post-title":"","ast-breadcrumbs-content":"","ast-featured-img":"","footer-sml-layout":"","ast-disable-related-posts":"","theme-transparent-header-meta":"default","adv-header-id-meta":"","stick-header-meta":"","header-above-stick-meta":"","header-main-stick-meta":"","header-below-stick-meta":"","astra-migrate-meta-layouts":"set","ast-page-background-enabled":"default","ast-page-background-meta":{"desktop":{"background-color":"var(--ast-global-color-4)","background-image":"","background-repeat":"repeat","background-position":"center center","background-size":"auto","background-attachment":"scroll","background-type":"","background-media":"","overlay-type":"","overlay-color":"","overlay-opacity":"","overlay-gradient":""},"tablet":{"background-color":"","background-image":"","background-repeat":"repeat","background-position":"center center","background-size":"auto","background-attachment":"scroll","background-type":"","background-media":"","overlay-type":"","overlay-color":"","overlay-opacity":"","overlay-gradient":""},"mobile":{"background-color":"","background-image":"","background-repeat":"repeat","background-position":"center center","background-size":"auto","background-attachment":"scroll","background-type":"","background-media":"","overlay-type":"","overlay-color":"","overlay-opacity":"","overlay-gradient":""}},"ast-content-background-meta":{"desktop":{"background-color":"var(--ast-global-color-5)","background-image":"","background-repeat":"repeat","background-position":"center center","background-size":"auto","background-attachment":"scroll","background-type":"","background-media":"","overlay-type":"","overlay-color":"","overlay-opacity":"","overlay-gradient":""},"tablet":{"background-color":"var(--ast-global-color-5)","background-image":"","background-repeat":"repeat","background-position":"center center","background-size":"auto","background-attachment":"scroll","background-type":"","background-media":"","overlay-type":"","overlay-color":"","overlay-opacity":"","overlay-gradient":""},"mobile":{"background-color":"var(--ast-global-color-5)","background-image":"","background-repeat":"repeat","background-position":"center center","background-size":"auto","background-attachment":"scroll","background-type":"","background-media":"","overlay-type":"","overlay-color":"","overlay-opacity":"","overlay-gradient":""}}},"product_brand":[],"product_cat":[67],"product_tag":[78],"class_list":{"0":"post-1609","1":"product","2":"type-product","3":"status-publish","4":"has-post-thumbnail","6":"product_cat-marque-pages","7":"product_tag-chevre-nacree-bleu-deau","8":"desktop-align-left","9":"tablet-align-left","10":"mobile-align-left","12":"first","13":"instock","14":"sold-individually","15":"taxable","16":"shipping-taxable","17":"purchasable","18":"product-type-simple"},"_links":{"self":[{"href":"https:\/\/www.aufilduscorff.bzh\/index.php?rest_route=\/wp\/v2\/product\/1609","targetHints":{"allow":["GET"]}}],"collection":[{"href":"https:\/\/www.aufilduscorff.bzh\/index.php?rest_route=\/wp\/v2\/product"}],"about":[{"href":"https:\/\/www.aufilduscorff.bzh\/index.php?rest_route=\/wp\/v2\/types\/product"}],"wp:featuredmedia":[{"embeddable":true,"href":"https:\/\/www.aufilduscorff.bzh\/index.php?rest_route=\/wp\/v2\/media\/1610"}],"wp:attachment":[{"href":"https:\/\/www.aufilduscorff.bzh\/index.php?rest_route=%2Fwp%2Fv2%2Fmedia&parent=1609"}],"wp:term":[{"taxonomy":"product_brand","embeddable":true,"href":"https:\/\/www.aufilduscorff.bzh\/index.php?rest_route=%2Fwp%2Fv2%2Fproduct_brand&post=1609"},{"taxonomy":"product_cat","embeddable":true,"href":"https:\/\/www.aufilduscorff.bzh\/index.php?rest_route=%2Fwp%2Fv2%2Fproduct_cat&post=1609"},{"taxonomy":"product_tag","embeddable":true,"href":"https:\/\/www.aufilduscorff.bzh\/index.php?rest_route=%2Fwp%2Fv2%2Fproduct_tag&post=1609"}],"curies":[{"name":"wp","href":"https:\/\/api.w.org\/{rel}","templated":true}]}}