{"id":1709,"date":"2025-06-27T15:33:33","date_gmt":"2025-06-27T13:33:33","guid":{"rendered":"https:\/\/www.aufilduscorff.bzh\/?post_type=product&#038;p=1709"},"modified":"2025-11-27T23:02:21","modified_gmt":"2025-11-27T22:02:21","slug":"lorientaise-rose-fuchsia","status":"publish","type":"product","link":"https:\/\/www.aufilduscorff.bzh\/?product=lorientaise-rose-fuchsia","title":{"rendered":"Lorientaise rose fuchsia"},"content":{"rendered":"<p>La broderie du porte-cl\u00e9 est r\u00e9alis\u00e9e \u00e0 la main avec des fils de soie, en utilisant les techniques et points de broderie Glazig (broderie traditionnelle des anciens costumes hommes de la r\u00e9gion de Quimper).<\/p>\n<p>Elle est encadr\u00e9e de cuir de mouton fuchsia, qui recouvre \u00e9galement l&rsquo;arri\u00e8re du porte-cl\u00e9. L&rsquo;attache en tissu, renforc\u00e9e, est en coton Liberty<span class=\"label-auteur texte-reader\">\u00ae Ciara.<\/span><\/p>\n<p><span class=\"label-auteur texte-reader\">L&rsquo;anneau, de fabrication fran\u00e7aise, mesure 30mm de diam\u00e8tre.<\/span><\/p>\n<p>Dimensions du porte-cl\u00e9 : m\u00e9daillon en cuir 5 x 6,1cm, hauteur totale 10,4cm.<\/p>\n<p>L&rsquo;int\u00e9gralit\u00e9 de la confection est r\u00e9alis\u00e9e dans mon atelier en Bretagne.<\/p>\n","protected":false},"excerpt":{"rendered":"<p>Porte-cl\u00e9, brod\u00e9 \u00e0 la main d&rsquo;une Lorientaise en coiffe aux couleurs chatoyantes, en cuir de mouton fuchsia.<\/p>\n","protected":false},"featured_media":1692,"template":"","meta":{"site-sidebar-layout":"default","site-content-layout":"","ast-site-content-layout":"default","site-content-style":"default","site-sidebar-style":"default","ast-global-header-display":"","ast-banner-title-visibility":"","ast-main-header-display":"","ast-hfb-above-header-display":"","ast-hfb-below-header-display":"","ast-hfb-mobile-header-display":"","site-post-title":"","ast-breadcrumbs-content":"","ast-featured-img":"","footer-sml-layout":"","ast-disable-related-posts":"","theme-transparent-header-meta":"default","adv-header-id-meta":"","stick-header-meta":"","header-above-stick-meta":"","header-main-stick-meta":"","header-below-stick-meta":"","astra-migrate-meta-layouts":"set","ast-page-background-enabled":"default","ast-page-background-meta":{"desktop":{"background-color":"var(--ast-global-color-4)","background-image":"","background-repeat":"repeat","background-position":"center center","background-size":"auto","background-attachment":"scroll","background-type":"","background-media":"","overlay-type":"","overlay-color":"","overlay-opacity":"","overlay-gradient":""},"tablet":{"background-color":"","background-image":"","background-repeat":"repeat","background-position":"center center","background-size":"auto","background-attachment":"scroll","background-type":"","background-media":"","overlay-type":"","overlay-color":"","overlay-opacity":"","overlay-gradient":""},"mobile":{"background-color":"","background-image":"","background-repeat":"repeat","background-position":"center center","background-size":"auto","background-attachment":"scroll","background-type":"","background-media":"","overlay-type":"","overlay-color":"","overlay-opacity":"","overlay-gradient":""}},"ast-content-background-meta":{"desktop":{"background-color":"var(--ast-global-color-5)","background-image":"","background-repeat":"repeat","background-position":"center center","background-size":"auto","background-attachment":"scroll","background-type":"","background-media":"","overlay-type":"","overlay-color":"","overlay-opacity":"","overlay-gradient":""},"tablet":{"background-color":"var(--ast-global-color-5)","background-image":"","background-repeat":"repeat","background-position":"center center","background-size":"auto","background-attachment":"scroll","background-type":"","background-media":"","overlay-type":"","overlay-color":"","overlay-opacity":"","overlay-gradient":""},"mobile":{"background-color":"var(--ast-global-color-5)","background-image":"","background-repeat":"repeat","background-position":"center center","background-size":"auto","background-attachment":"scroll","background-type":"","background-media":"","overlay-type":"","overlay-color":"","overlay-opacity":"","overlay-gradient":""}}},"product_brand":[],"product_cat":[82],"product_tag":[72],"class_list":{"0":"post-1709","1":"product","2":"type-product","3":"status-publish","4":"has-post-thumbnail","6":"product_cat-porte-cles","7":"product_tag-mouton-rose-fuchsia","8":"desktop-align-left","9":"tablet-align-left","10":"mobile-align-left","12":"first","13":"instock","14":"sold-individually","15":"taxable","16":"shipping-taxable","17":"purchasable","18":"product-type-simple"},"_links":{"self":[{"href":"https:\/\/www.aufilduscorff.bzh\/index.php?rest_route=\/wp\/v2\/product\/1709","targetHints":{"allow":["GET"]}}],"collection":[{"href":"https:\/\/www.aufilduscorff.bzh\/index.php?rest_route=\/wp\/v2\/product"}],"about":[{"href":"https:\/\/www.aufilduscorff.bzh\/index.php?rest_route=\/wp\/v2\/types\/product"}],"wp:featuredmedia":[{"embeddable":true,"href":"https:\/\/www.aufilduscorff.bzh\/index.php?rest_route=\/wp\/v2\/media\/1692"}],"wp:attachment":[{"href":"https:\/\/www.aufilduscorff.bzh\/index.php?rest_route=%2Fwp%2Fv2%2Fmedia&parent=1709"}],"wp:term":[{"taxonomy":"product_brand","embeddable":true,"href":"https:\/\/www.aufilduscorff.bzh\/index.php?rest_route=%2Fwp%2Fv2%2Fproduct_brand&post=1709"},{"taxonomy":"product_cat","embeddable":true,"href":"https:\/\/www.aufilduscorff.bzh\/index.php?rest_route=%2Fwp%2Fv2%2Fproduct_cat&post=1709"},{"taxonomy":"product_tag","embeddable":true,"href":"https:\/\/www.aufilduscorff.bzh\/index.php?rest_route=%2Fwp%2Fv2%2Fproduct_tag&post=1709"}],"curies":[{"name":"wp","href":"https:\/\/api.w.org\/{rel}","templated":true}]}}