{"id":1808,"date":"2025-09-10T22:16:42","date_gmt":"2025-09-10T20:16:42","guid":{"rendered":"https:\/\/www.aufilduscorff.bzh\/?post_type=product&#038;p=1808"},"modified":"2025-12-10T17:29:24","modified_gmt":"2025-12-10T16:29:24","slug":"phare-sarcelle","status":"publish","type":"product","link":"https:\/\/www.aufilduscorff.bzh\/?product=phare-sarcelle","title":{"rendered":"Phare sarcelle"},"content":{"rendered":"<p>La broderie du bijou de sac est r\u00e9alis\u00e9e \u00e0 la main avec des fils de soie, en utilisant les techniques et points de broderie Glazig (broderie traditionnelle des anciens costumes hommes de la r\u00e9gion de Quimper).<\/p>\n<p>Elle est encadr\u00e9e de cuir de ch\u00e8vre camel, au toucher brut, qui recouvre \u00e9galement l&rsquo;arri\u00e8re du bijou de sac. L&rsquo;attache en tissu est en coton Liberty<span class=\"label-auteur texte-reader\">\u00ae Betsy aux couleurs automnales.<\/span><\/p>\n<p>Gr\u00e2ce \u00e0 son mousqueton dor\u00e9 mate, de fabrication fran\u00e7aise, vous pouvez l&rsquo;accrocher \u00e0 n&rsquo;importe quel sac.<\/p>\n<p>Dimensions du bijou de sac : largeur 5,1cm, hauteur 11,2cm.<\/p>\n<p>L&rsquo;int\u00e9gralit\u00e9 de la confection est r\u00e9alis\u00e9e dans mon atelier en Bretagne.<\/p>\n","protected":false},"excerpt":{"rendered":"<p>Bijou de sac, brod\u00e9 \u00e0 la main d\u2019un phare entour\u00e9 de vagues, aux couleurs automnales, en cuir de ch\u00e8vre camel.<\/p>\n","protected":false},"featured_media":1780,"template":"","meta":{"site-sidebar-layout":"default","site-content-layout":"","ast-site-content-layout":"default","site-content-style":"default","site-sidebar-style":"default","ast-global-header-display":"","ast-banner-title-visibility":"","ast-main-header-display":"","ast-hfb-above-header-display":"","ast-hfb-below-header-display":"","ast-hfb-mobile-header-display":"","site-post-title":"","ast-breadcrumbs-content":"","ast-featured-img":"","footer-sml-layout":"","ast-disable-related-posts":"","theme-transparent-header-meta":"default","adv-header-id-meta":"","stick-header-meta":"","header-above-stick-meta":"","header-main-stick-meta":"","header-below-stick-meta":"","astra-migrate-meta-layouts":"set","ast-page-background-enabled":"default","ast-page-background-meta":{"desktop":{"background-color":"var(--ast-global-color-4)","background-image":"","background-repeat":"repeat","background-position":"center center","background-size":"auto","background-attachment":"scroll","background-type":"","background-media":"","overlay-type":"","overlay-color":"","overlay-opacity":"","overlay-gradient":""},"tablet":{"background-color":"","background-image":"","background-repeat":"repeat","background-position":"center center","background-size":"auto","background-attachment":"scroll","background-type":"","background-media":"","overlay-type":"","overlay-color":"","overlay-opacity":"","overlay-gradient":""},"mobile":{"background-color":"","background-image":"","background-repeat":"repeat","background-position":"center center","background-size":"auto","background-attachment":"scroll","background-type":"","background-media":"","overlay-type":"","overlay-color":"","overlay-opacity":"","overlay-gradient":""}},"ast-content-background-meta":{"desktop":{"background-color":"var(--ast-global-color-5)","background-image":"","background-repeat":"repeat","background-position":"center center","background-size":"auto","background-attachment":"scroll","background-type":"","background-media":"","overlay-type":"","overlay-color":"","overlay-opacity":"","overlay-gradient":""},"tablet":{"background-color":"var(--ast-global-color-5)","background-image":"","background-repeat":"repeat","background-position":"center center","background-size":"auto","background-attachment":"scroll","background-type":"","background-media":"","overlay-type":"","overlay-color":"","overlay-opacity":"","overlay-gradient":""},"mobile":{"background-color":"var(--ast-global-color-5)","background-image":"","background-repeat":"repeat","background-position":"center center","background-size":"auto","background-attachment":"scroll","background-type":"","background-media":"","overlay-type":"","overlay-color":"","overlay-opacity":"","overlay-gradient":""}}},"product_brand":[],"product_cat":[86,46],"product_tag":[85],"class_list":{"0":"post-1808","1":"product","2":"type-product","3":"status-publish","4":"has-post-thumbnail","6":"product_cat-collection-camel-et-sarcelle","7":"product_cat-bijoux-de-sacs","8":"product_tag-chevre-camel","9":"desktop-align-left","10":"tablet-align-left","11":"mobile-align-left","13":"first","14":"instock","15":"sold-individually","16":"taxable","17":"shipping-taxable","18":"purchasable","19":"product-type-simple"},"_links":{"self":[{"href":"https:\/\/www.aufilduscorff.bzh\/index.php?rest_route=\/wp\/v2\/product\/1808","targetHints":{"allow":["GET"]}}],"collection":[{"href":"https:\/\/www.aufilduscorff.bzh\/index.php?rest_route=\/wp\/v2\/product"}],"about":[{"href":"https:\/\/www.aufilduscorff.bzh\/index.php?rest_route=\/wp\/v2\/types\/product"}],"wp:featuredmedia":[{"embeddable":true,"href":"https:\/\/www.aufilduscorff.bzh\/index.php?rest_route=\/wp\/v2\/media\/1780"}],"wp:attachment":[{"href":"https:\/\/www.aufilduscorff.bzh\/index.php?rest_route=%2Fwp%2Fv2%2Fmedia&parent=1808"}],"wp:term":[{"taxonomy":"product_brand","embeddable":true,"href":"https:\/\/www.aufilduscorff.bzh\/index.php?rest_route=%2Fwp%2Fv2%2Fproduct_brand&post=1808"},{"taxonomy":"product_cat","embeddable":true,"href":"https:\/\/www.aufilduscorff.bzh\/index.php?rest_route=%2Fwp%2Fv2%2Fproduct_cat&post=1808"},{"taxonomy":"product_tag","embeddable":true,"href":"https:\/\/www.aufilduscorff.bzh\/index.php?rest_route=%2Fwp%2Fv2%2Fproduct_tag&post=1808"}],"curies":[{"name":"wp","href":"https:\/\/api.w.org\/{rel}","templated":true}]}}