{"id":1960,"date":"2025-12-10T17:38:20","date_gmt":"2025-12-10T16:38:20","guid":{"rendered":"https:\/\/www.aufilduscorff.bzh\/?post_type=product&#038;p=1960"},"modified":"2026-03-19T15:20:36","modified_gmt":"2026-03-19T14:20:36","slug":"bleunienn-chardon","status":"publish","type":"product","link":"https:\/\/www.aufilduscorff.bzh\/?product=bleunienn-chardon","title":{"rendered":"Bleunienn chardon"},"content":{"rendered":"<p><em>Bleunienn signifie fleur en breton !<\/em><\/p>\n<p>La broderie de la pochette est r\u00e9alis\u00e9e \u00e0 la main avec des fils de soie, en utilisant les techniques et points de broderie Glazig (broderie traditionnelle des anciens costumes hommes de la r\u00e9gion de Quimper). L&rsquo;int\u00e9gralit\u00e9 de la confection est r\u00e9alis\u00e9e dans mon atelier en Bretagne.<\/p>\n<p>Id\u00e9ale pour emmener partout avec vous vos indispensables (et m\u00eame un peu plus !), cette grande pochette poss\u00e8de deux poches dont la plus grande a une petite s\u00e9paration pour y glisser facilement vos cartes de cr\u00e9dit par exemple.<\/p>\n<p>Elle est r\u00e9alis\u00e9e dans un cuir de ch\u00e8vre noir imitation reptile, tr\u00e8s original, et est doubl\u00e9e de coton Liberty\u00ae <span class=\"label-auteur texte-reader\">Strawberry Thief noir et blanc.<\/span><\/p>\n<p>Les fermetures Eclair<span class=\"label-auteur texte-reader\">\u00ae sont choisies pour s&rsquo;assortir au mieux avec le cuir. La b<\/span>andouli\u00e8re, amovible gr\u00e2ce aux mousquetons, est r\u00e9glable en longueur (de 75 \u00e0 138cm).<\/p>\n<p>La pochette est accompagn\u00e9e d&rsquo;un sac, logot\u00e9 &lsquo;Au fil du Scorff&rsquo;, en coton pour la prot\u00e9ger lorsque vous ne vous en servez pas.<\/p>\n<p>Dimensions de la pochette : largeur 22cm, hauteur 20,5cm. Poids : 136g.<\/p>\n","protected":false},"excerpt":{"rendered":"<p>Grande pochette brod\u00e9e main, en cuir de ch\u00e8vre noir imitation reptile. Cette pochette chic et intemporelle saura parfaitement vous accompagner dans votre quotidien !<\/p>\n","protected":false},"featured_media":1918,"template":"","meta":{"site-sidebar-layout":"default","site-content-layout":"","ast-site-content-layout":"default","site-content-style":"default","site-sidebar-style":"default","ast-global-header-display":"","ast-banner-title-visibility":"","ast-main-header-display":"","ast-hfb-above-header-display":"","ast-hfb-below-header-display":"","ast-hfb-mobile-header-display":"","site-post-title":"","ast-breadcrumbs-content":"","ast-featured-img":"","footer-sml-layout":"","ast-disable-related-posts":"","theme-transparent-header-meta":"default","adv-header-id-meta":"","stick-header-meta":"","header-above-stick-meta":"","header-main-stick-meta":"","header-below-stick-meta":"","astra-migrate-meta-layouts":"set","ast-page-background-enabled":"default","ast-page-background-meta":{"desktop":{"background-color":"var(--ast-global-color-4)","background-image":"","background-repeat":"repeat","background-position":"center center","background-size":"auto","background-attachment":"scroll","background-type":"","background-media":"","overlay-type":"","overlay-color":"","overlay-opacity":"","overlay-gradient":""},"tablet":{"background-color":"","background-image":"","background-repeat":"repeat","background-position":"center center","background-size":"auto","background-attachment":"scroll","background-type":"","background-media":"","overlay-type":"","overlay-color":"","overlay-opacity":"","overlay-gradient":""},"mobile":{"background-color":"","background-image":"","background-repeat":"repeat","background-position":"center center","background-size":"auto","background-attachment":"scroll","background-type":"","background-media":"","overlay-type":"","overlay-color":"","overlay-opacity":"","overlay-gradient":""}},"ast-content-background-meta":{"desktop":{"background-color":"var(--ast-global-color-5)","background-image":"","background-repeat":"repeat","background-position":"center center","background-size":"auto","background-attachment":"scroll","background-type":"","background-media":"","overlay-type":"","overlay-color":"","overlay-opacity":"","overlay-gradient":""},"tablet":{"background-color":"var(--ast-global-color-5)","background-image":"","background-repeat":"repeat","background-position":"center center","background-size":"auto","background-attachment":"scroll","background-type":"","background-media":"","overlay-type":"","overlay-color":"","overlay-opacity":"","overlay-gradient":""},"mobile":{"background-color":"var(--ast-global-color-5)","background-image":"","background-repeat":"repeat","background-position":"center center","background-size":"auto","background-attachment":"scroll","background-type":"","background-media":"","overlay-type":"","overlay-color":"","overlay-opacity":"","overlay-gradient":""}}},"product_brand":[],"product_cat":[91,36],"product_tag":[92],"class_list":{"0":"post-1960","1":"product","2":"type-product","3":"status-publish","4":"has-post-thumbnail","6":"product_cat-collection-charbon-et-chardon","7":"product_cat-grande-pochette-2","8":"product_tag-chevre-noir-reptile","9":"desktop-align-left","10":"tablet-align-left","11":"mobile-align-left","13":"first","14":"instock","15":"sold-individually","16":"taxable","17":"shipping-taxable","18":"purchasable","19":"product-type-simple"},"_links":{"self":[{"href":"https:\/\/www.aufilduscorff.bzh\/index.php?rest_route=\/wp\/v2\/product\/1960","targetHints":{"allow":["GET"]}}],"collection":[{"href":"https:\/\/www.aufilduscorff.bzh\/index.php?rest_route=\/wp\/v2\/product"}],"about":[{"href":"https:\/\/www.aufilduscorff.bzh\/index.php?rest_route=\/wp\/v2\/types\/product"}],"wp:featuredmedia":[{"embeddable":true,"href":"https:\/\/www.aufilduscorff.bzh\/index.php?rest_route=\/wp\/v2\/media\/1918"}],"wp:attachment":[{"href":"https:\/\/www.aufilduscorff.bzh\/index.php?rest_route=%2Fwp%2Fv2%2Fmedia&parent=1960"}],"wp:term":[{"taxonomy":"product_brand","embeddable":true,"href":"https:\/\/www.aufilduscorff.bzh\/index.php?rest_route=%2Fwp%2Fv2%2Fproduct_brand&post=1960"},{"taxonomy":"product_cat","embeddable":true,"href":"https:\/\/www.aufilduscorff.bzh\/index.php?rest_route=%2Fwp%2Fv2%2Fproduct_cat&post=1960"},{"taxonomy":"product_tag","embeddable":true,"href":"https:\/\/www.aufilduscorff.bzh\/index.php?rest_route=%2Fwp%2Fv2%2Fproduct_tag&post=1960"}],"curies":[{"name":"wp","href":"https:\/\/api.w.org\/{rel}","templated":true}]}}