{"id":2184,"date":"2026-02-05T17:08:56","date_gmt":"2026-02-05T16:08:56","guid":{"rendered":"https:\/\/www.aufilduscorff.bzh\/?post_type=product&#038;p=2184"},"modified":"2026-02-05T17:20:51","modified_gmt":"2026-02-05T16:20:51","slug":"lorientaise-ambre","status":"publish","type":"product","link":"https:\/\/www.aufilduscorff.bzh\/?product=lorientaise-ambre","title":{"rendered":"Lorientaise ambre"},"content":{"rendered":"<p>La broderie du porte-cl\u00e9 est r\u00e9alis\u00e9e \u00e0 la main avec des fils de soie, en utilisant les techniques et points de broderie Glazig (broderie traditionnelle des anciens costumes hommes de la r\u00e9gion de Quimper).<\/p>\n<p>Elle est encadr\u00e9e de cuir d&rsquo;agneau lisse jaune ambr\u00e9, qui recouvre \u00e9galement l&rsquo;arri\u00e8re du porte-cl\u00e9. L&rsquo;attache en tissu est en coton Liberty<span class=\"label-auteur texte-reader\">\u00ae Ing-Britt&rsquo;s Garden aux couleurs de la collection Ambre et p\u00e9trole.<\/span><\/p>\n<p><span class=\"label-auteur texte-reader\">L&rsquo;anneau, de fabrication fran\u00e7aise, mesure 30mm de diam\u00e8tre.<\/span><\/p>\n<p>Dimensions du porte-cl\u00e9 : largeur 5cm, hauteur 10cm.<\/p>\n<p>L&rsquo;int\u00e9gralit\u00e9 de la confection est r\u00e9alis\u00e9e dans mon atelier en Bretagne.<\/p>\n","protected":false},"excerpt":{"rendered":"<p>Porte-cl\u00e9, brod\u00e9 \u00e0 la main d&rsquo;une Lorientaise en coiffe, en cuir d&rsquo;agneau jaune ambr\u00e9.<\/p>\n","protected":false},"featured_media":2121,"template":"","meta":{"site-sidebar-layout":"default","site-content-layout":"","ast-site-content-layout":"default","site-content-style":"default","site-sidebar-style":"default","ast-global-header-display":"","ast-banner-title-visibility":"","ast-main-header-display":"","ast-hfb-above-header-display":"","ast-hfb-below-header-display":"","ast-hfb-mobile-header-display":"","site-post-title":"","ast-breadcrumbs-content":"","ast-featured-img":"","footer-sml-layout":"","ast-disable-related-posts":"","theme-transparent-header-meta":"default","adv-header-id-meta":"","stick-header-meta":"","header-above-stick-meta":"","header-main-stick-meta":"","header-below-stick-meta":"","astra-migrate-meta-layouts":"set","ast-page-background-enabled":"default","ast-page-background-meta":{"desktop":{"background-color":"var(--ast-global-color-4)","background-image":"","background-repeat":"repeat","background-position":"center center","background-size":"auto","background-attachment":"scroll","background-type":"","background-media":"","overlay-type":"","overlay-color":"","overlay-opacity":"","overlay-gradient":""},"tablet":{"background-color":"","background-image":"","background-repeat":"repeat","background-position":"center center","background-size":"auto","background-attachment":"scroll","background-type":"","background-media":"","overlay-type":"","overlay-color":"","overlay-opacity":"","overlay-gradient":""},"mobile":{"background-color":"","background-image":"","background-repeat":"repeat","background-position":"center center","background-size":"auto","background-attachment":"scroll","background-type":"","background-media":"","overlay-type":"","overlay-color":"","overlay-opacity":"","overlay-gradient":""}},"ast-content-background-meta":{"desktop":{"background-color":"var(--ast-global-color-5)","background-image":"","background-repeat":"repeat","background-position":"center center","background-size":"auto","background-attachment":"scroll","background-type":"","background-media":"","overlay-type":"","overlay-color":"","overlay-opacity":"","overlay-gradient":""},"tablet":{"background-color":"var(--ast-global-color-5)","background-image":"","background-repeat":"repeat","background-position":"center center","background-size":"auto","background-attachment":"scroll","background-type":"","background-media":"","overlay-type":"","overlay-color":"","overlay-opacity":"","overlay-gradient":""},"mobile":{"background-color":"var(--ast-global-color-5)","background-image":"","background-repeat":"repeat","background-position":"center center","background-size":"auto","background-attachment":"scroll","background-type":"","background-media":"","overlay-type":"","overlay-color":"","overlay-opacity":"","overlay-gradient":""}}},"product_brand":[],"product_cat":[96,82],"product_tag":[97],"class_list":{"0":"post-2184","1":"product","2":"type-product","3":"status-publish","4":"has-post-thumbnail","6":"product_cat-collection-ambre-et-petrole","7":"product_cat-porte-cles","8":"product_tag-agneau-ambre","9":"desktop-align-left","10":"tablet-align-left","11":"mobile-align-left","13":"first","14":"instock","15":"sold-individually","16":"taxable","17":"shipping-taxable","18":"purchasable","19":"product-type-simple"},"_links":{"self":[{"href":"https:\/\/www.aufilduscorff.bzh\/index.php?rest_route=\/wp\/v2\/product\/2184","targetHints":{"allow":["GET"]}}],"collection":[{"href":"https:\/\/www.aufilduscorff.bzh\/index.php?rest_route=\/wp\/v2\/product"}],"about":[{"href":"https:\/\/www.aufilduscorff.bzh\/index.php?rest_route=\/wp\/v2\/types\/product"}],"wp:featuredmedia":[{"embeddable":true,"href":"https:\/\/www.aufilduscorff.bzh\/index.php?rest_route=\/wp\/v2\/media\/2121"}],"wp:attachment":[{"href":"https:\/\/www.aufilduscorff.bzh\/index.php?rest_route=%2Fwp%2Fv2%2Fmedia&parent=2184"}],"wp:term":[{"taxonomy":"product_brand","embeddable":true,"href":"https:\/\/www.aufilduscorff.bzh\/index.php?rest_route=%2Fwp%2Fv2%2Fproduct_brand&post=2184"},{"taxonomy":"product_cat","embeddable":true,"href":"https:\/\/www.aufilduscorff.bzh\/index.php?rest_route=%2Fwp%2Fv2%2Fproduct_cat&post=2184"},{"taxonomy":"product_tag","embeddable":true,"href":"https:\/\/www.aufilduscorff.bzh\/index.php?rest_route=%2Fwp%2Fv2%2Fproduct_tag&post=2184"}],"curies":[{"name":"wp","href":"https:\/\/api.w.org\/{rel}","templated":true}]}}