{"id":2261,"date":"2026-03-24T17:05:55","date_gmt":"2026-03-24T16:05:55","guid":{"rendered":"https:\/\/www.aufilduscorff.bzh\/?post_type=product&#038;p=2261"},"modified":"2026-03-24T17:16:36","modified_gmt":"2026-03-24T16:16:36","slug":"bigouden-alamandez","status":"publish","type":"product","link":"https:\/\/www.aufilduscorff.bzh\/?product=bigouden-alamandez","title":{"rendered":"Bigouden alamandez"},"content":{"rendered":"<p><em>Alamandez signifie amande en breton.<\/em><\/p>\n<p>La bande brod\u00e9e permet de glisser la main en dessous, pour porter la pochette \u00e9ventuellement sans bandouli\u00e8re. La broderie se posera alors comme un bijou brod\u00e9 sur votre main.<\/p>\n<p>La broderie de la pochette est r\u00e9alis\u00e9e \u00e0 la main avec des fils de soie, en utilisant les techniques et points de broderie Glazig (broderie traditionnelle des anciens costumes hommes de la r\u00e9gion de Quimper). L&rsquo;int\u00e9gralit\u00e9 de la confection est r\u00e9alis\u00e9e dans mon atelier en Bretagne.<\/p>\n<p>Id\u00e9ale pour emmener partout avec vous vos indispensables, cette pochette poss\u00e8de deux poches dont la plus grande a une petite s\u00e9paration pour y glisser facilement vos cartes de cr\u00e9dit par exemple.<\/p>\n<p>Elle est r\u00e9alis\u00e9e dans un cuir de ch\u00e8vre vert, bross\u00e9 argent, et est doubl\u00e9e de coton Liberty\u00ae Felicite aux couleurs douces<span class=\"label-auteur texte-reader\">.<\/span><\/p>\n<p>Les fermetures Eclair<span class=\"label-auteur texte-reader\">\u00ae sont choisies pour s&rsquo;assortir au mieux avec le cuir. La b<\/span>andouli\u00e8re, amovible gr\u00e2ce aux mousquetons, est r\u00e9glable en longueur (de 75 \u00e0 138cm).<\/p>\n<p>La pochette est accompagn\u00e9e d&rsquo;un sac, logot\u00e9 &lsquo;Au fil du Scorff&rsquo;, en coton pour la prot\u00e9ger lorsque vous ne vous en servez pas.<\/p>\n<p>Dimensions de la pochette : largeur 22,5cm, hauteur 14,5cm. Poids : 124g.<\/p>\n","protected":false},"excerpt":{"rendered":"<p>Pochette brod\u00e9e main, en cuir de ch\u00e8vre vert, bross\u00e9 argent. Elle apportera un air de printemps \u00e0 votre tenue !<\/p>\n","protected":false},"featured_media":2239,"template":"","meta":{"site-sidebar-layout":"default","site-content-layout":"","ast-site-content-layout":"default","site-content-style":"default","site-sidebar-style":"default","ast-global-header-display":"","ast-banner-title-visibility":"","ast-main-header-display":"","ast-hfb-above-header-display":"","ast-hfb-below-header-display":"","ast-hfb-mobile-header-display":"","site-post-title":"","ast-breadcrumbs-content":"","ast-featured-img":"","footer-sml-layout":"","ast-disable-related-posts":"","theme-transparent-header-meta":"default","adv-header-id-meta":"","stick-header-meta":"","header-above-stick-meta":"","header-main-stick-meta":"","header-below-stick-meta":"","astra-migrate-meta-layouts":"set","ast-page-background-enabled":"default","ast-page-background-meta":{"desktop":{"background-color":"var(--ast-global-color-4)","background-image":"","background-repeat":"repeat","background-position":"center center","background-size":"auto","background-attachment":"scroll","background-type":"","background-media":"","overlay-type":"","overlay-color":"","overlay-opacity":"","overlay-gradient":""},"tablet":{"background-color":"","background-image":"","background-repeat":"repeat","background-position":"center center","background-size":"auto","background-attachment":"scroll","background-type":"","background-media":"","overlay-type":"","overlay-color":"","overlay-opacity":"","overlay-gradient":""},"mobile":{"background-color":"","background-image":"","background-repeat":"repeat","background-position":"center center","background-size":"auto","background-attachment":"scroll","background-type":"","background-media":"","overlay-type":"","overlay-color":"","overlay-opacity":"","overlay-gradient":""}},"ast-content-background-meta":{"desktop":{"background-color":"var(--ast-global-color-5)","background-image":"","background-repeat":"repeat","background-position":"center center","background-size":"auto","background-attachment":"scroll","background-type":"","background-media":"","overlay-type":"","overlay-color":"","overlay-opacity":"","overlay-gradient":""},"tablet":{"background-color":"var(--ast-global-color-5)","background-image":"","background-repeat":"repeat","background-position":"center center","background-size":"auto","background-attachment":"scroll","background-type":"","background-media":"","overlay-type":"","overlay-color":"","overlay-opacity":"","overlay-gradient":""},"mobile":{"background-color":"var(--ast-global-color-5)","background-image":"","background-repeat":"repeat","background-position":"center center","background-size":"auto","background-attachment":"scroll","background-type":"","background-media":"","overlay-type":"","overlay-color":"","overlay-opacity":"","overlay-gradient":""}}},"product_brand":[],"product_cat":[99,19,37],"product_tag":[100],"class_list":{"0":"post-2261","1":"product","2":"type-product","3":"status-publish","4":"has-post-thumbnail","6":"product_cat-collection-amande-et-rose","7":"product_cat-pochette","8":"product_cat-saison-estivale","9":"product_tag-chevre-vert-brosse-argent","10":"desktop-align-left","11":"tablet-align-left","12":"mobile-align-left","14":"first","15":"instock","16":"sold-individually","17":"taxable","18":"shipping-taxable","19":"purchasable","20":"product-type-simple"},"_links":{"self":[{"href":"https:\/\/www.aufilduscorff.bzh\/index.php?rest_route=\/wp\/v2\/product\/2261","targetHints":{"allow":["GET"]}}],"collection":[{"href":"https:\/\/www.aufilduscorff.bzh\/index.php?rest_route=\/wp\/v2\/product"}],"about":[{"href":"https:\/\/www.aufilduscorff.bzh\/index.php?rest_route=\/wp\/v2\/types\/product"}],"wp:featuredmedia":[{"embeddable":true,"href":"https:\/\/www.aufilduscorff.bzh\/index.php?rest_route=\/wp\/v2\/media\/2239"}],"wp:attachment":[{"href":"https:\/\/www.aufilduscorff.bzh\/index.php?rest_route=%2Fwp%2Fv2%2Fmedia&parent=2261"}],"wp:term":[{"taxonomy":"product_brand","embeddable":true,"href":"https:\/\/www.aufilduscorff.bzh\/index.php?rest_route=%2Fwp%2Fv2%2Fproduct_brand&post=2261"},{"taxonomy":"product_cat","embeddable":true,"href":"https:\/\/www.aufilduscorff.bzh\/index.php?rest_route=%2Fwp%2Fv2%2Fproduct_cat&post=2261"},{"taxonomy":"product_tag","embeddable":true,"href":"https:\/\/www.aufilduscorff.bzh\/index.php?rest_route=%2Fwp%2Fv2%2Fproduct_tag&post=2261"}],"curies":[{"name":"wp","href":"https:\/\/api.w.org\/{rel}","templated":true}]}}