{"id":782,"date":"2024-03-23T18:41:48","date_gmt":"2024-03-23T17:41:48","guid":{"rendered":"https:\/\/www.aufilduscorff.bzh\/?post_type=product&#038;p=782"},"modified":"2026-01-31T16:22:02","modified_gmt":"2026-01-31T15:22:02","slug":"3-feuilles-automne","status":"publish","type":"product","link":"https:\/\/www.aufilduscorff.bzh\/?product=3-feuilles-automne","title":{"rendered":"3 feuilles automne"},"content":{"rendered":"<p>La broderie du bijou de sac est r\u00e9alis\u00e9e \u00e0 la main avec des fils de soie, en utilisant les techniques et points de broderie Glazig (broderie traditionnelle des anciens costumes hommes de la r\u00e9gion de Quimper).<\/p>\n<p>Elle est encadr\u00e9e de cuir d&rsquo;agneau velours paillet\u00e9 cuivre, qui couvre \u00e9galement l&rsquo;arri\u00e8re du bijou de sac.<\/p>\n<p>Gr\u00e2ce \u00e0 son mousqueton dor\u00e9 mat, de fabrication fran\u00e7aise, vous pouvez l&rsquo;accrocher \u00e0 n&rsquo;importe quel sac.<\/p>\n<p>Dimensions du bijou de sac : largeur 6cm, hauteur 11cm.<\/p>\n<p>L&rsquo;int\u00e9gralit\u00e9 de la confection est r\u00e9alis\u00e9e dans mon atelier en Bretagne.<\/p>\n<p>(Produit vendu seul, sans la pochette.)<\/p>\n","protected":false},"excerpt":{"rendered":"<p>Bijou de sac en cuir d&rsquo;agneau velours paillet\u00e9 cuivre, brod\u00e9 aux couleurs automnales.<\/p>\n","protected":false},"featured_media":771,"template":"","meta":{"site-sidebar-layout":"default","site-content-layout":"","ast-site-content-layout":"default","site-content-style":"default","site-sidebar-style":"default","ast-global-header-display":"","ast-banner-title-visibility":"","ast-main-header-display":"","ast-hfb-above-header-display":"","ast-hfb-below-header-display":"","ast-hfb-mobile-header-display":"","site-post-title":"","ast-breadcrumbs-content":"","ast-featured-img":"","footer-sml-layout":"","ast-disable-related-posts":"","theme-transparent-header-meta":"default","adv-header-id-meta":"","stick-header-meta":"","header-above-stick-meta":"","header-main-stick-meta":"","header-below-stick-meta":"","astra-migrate-meta-layouts":"set","ast-page-background-enabled":"default","ast-page-background-meta":{"desktop":{"background-color":"var(--ast-global-color-4)","background-image":"","background-repeat":"repeat","background-position":"center center","background-size":"auto","background-attachment":"scroll","background-type":"","background-media":"","overlay-type":"","overlay-color":"","overlay-opacity":"","overlay-gradient":""},"tablet":{"background-color":"","background-image":"","background-repeat":"repeat","background-position":"center center","background-size":"auto","background-attachment":"scroll","background-type":"","background-media":"","overlay-type":"","overlay-color":"","overlay-opacity":"","overlay-gradient":""},"mobile":{"background-color":"","background-image":"","background-repeat":"repeat","background-position":"center center","background-size":"auto","background-attachment":"scroll","background-type":"","background-media":"","overlay-type":"","overlay-color":"","overlay-opacity":"","overlay-gradient":""}},"ast-content-background-meta":{"desktop":{"background-color":"var(--ast-global-color-5)","background-image":"","background-repeat":"repeat","background-position":"center center","background-size":"auto","background-attachment":"scroll","background-type":"","background-media":"","overlay-type":"","overlay-color":"","overlay-opacity":"","overlay-gradient":""},"tablet":{"background-color":"var(--ast-global-color-5)","background-image":"","background-repeat":"repeat","background-position":"center center","background-size":"auto","background-attachment":"scroll","background-type":"","background-media":"","overlay-type":"","overlay-color":"","overlay-opacity":"","overlay-gradient":""},"mobile":{"background-color":"var(--ast-global-color-5)","background-image":"","background-repeat":"repeat","background-position":"center center","background-size":"auto","background-attachment":"scroll","background-type":"","background-media":"","overlay-type":"","overlay-color":"","overlay-opacity":"","overlay-gradient":""}}},"product_brand":[],"product_cat":[46],"product_tag":[26],"class_list":{"0":"post-782","1":"product","2":"type-product","3":"status-publish","4":"has-post-thumbnail","6":"product_cat-bijoux-de-sacs","7":"product_tag-agneau-velours-paillete-cuivre","8":"desktop-align-left","9":"tablet-align-left","10":"mobile-align-left","12":"first","13":"instock","14":"sold-individually","15":"purchasable","16":"product-type-simple"},"_links":{"self":[{"href":"https:\/\/www.aufilduscorff.bzh\/index.php?rest_route=\/wp\/v2\/product\/782","targetHints":{"allow":["GET"]}}],"collection":[{"href":"https:\/\/www.aufilduscorff.bzh\/index.php?rest_route=\/wp\/v2\/product"}],"about":[{"href":"https:\/\/www.aufilduscorff.bzh\/index.php?rest_route=\/wp\/v2\/types\/product"}],"wp:featuredmedia":[{"embeddable":true,"href":"https:\/\/www.aufilduscorff.bzh\/index.php?rest_route=\/wp\/v2\/media\/771"}],"wp:attachment":[{"href":"https:\/\/www.aufilduscorff.bzh\/index.php?rest_route=%2Fwp%2Fv2%2Fmedia&parent=782"}],"wp:term":[{"taxonomy":"product_brand","embeddable":true,"href":"https:\/\/www.aufilduscorff.bzh\/index.php?rest_route=%2Fwp%2Fv2%2Fproduct_brand&post=782"},{"taxonomy":"product_cat","embeddable":true,"href":"https:\/\/www.aufilduscorff.bzh\/index.php?rest_route=%2Fwp%2Fv2%2Fproduct_cat&post=782"},{"taxonomy":"product_tag","embeddable":true,"href":"https:\/\/www.aufilduscorff.bzh\/index.php?rest_route=%2Fwp%2Fv2%2Fproduct_tag&post=782"}],"curies":[{"name":"wp","href":"https:\/\/api.w.org\/{rel}","templated":true}]}}